{"id":3001,"date":"2024-03-28T14:41:23","date_gmt":"2024-03-28T12:41:23","guid":{"rendered":"https:\/\/enlightensmiles.ro\/?page_id=3001"},"modified":"2024-03-28T14:45:14","modified_gmt":"2024-03-28T12:45:14","slug":"politica-de-cookies","status":"publish","type":"page","link":"https:\/\/enlightensmiles.ro\/en\/politica-de-cookies\/","title":{"rendered":"Cookie Policy"},"content":{"rendered":"\t\t<div data-elementor-type=\"wp-page\" data-elementor-id=\"3001\" class=\"elementor elementor-3001\">\n\t\t\t\t<div class=\"elementor-element elementor-element-31b5487 e-flex e-con-boxed e-con e-parent\" data-id=\"31b5487\" data-element_type=\"container\">\n\t\t\t\t\t<div class=\"e-con-inner\">\n\t\t\t\t<div class=\"elementor-element elementor-element-90adafe elementor-widget elementor-widget-heading\" data-id=\"90adafe\" data-element_type=\"widget\" data-widget_type=\"heading.default\">\n\t\t\t\t<div class=\"elementor-widget-container\">\n\t\t\t<style>\/*! elementor - v3.21.0 - 26-05-2024 *\/\n.elementor-heading-title{padding:0;margin:0;line-height:1}.elementor-widget-heading .elementor-heading-title[class*=elementor-size-]>a{color:inherit;font-size:inherit;line-height:inherit}.elementor-widget-heading .elementor-heading-title.elementor-size-small{font-size:15px}.elementor-widget-heading .elementor-heading-title.elementor-size-medium{font-size:19px}.elementor-widget-heading .elementor-heading-title.elementor-size-large{font-size:29px}.elementor-widget-heading .elementor-heading-title.elementor-size-xl{font-size:39px}.elementor-widget-heading .elementor-heading-title.elementor-size-xxl{font-size:59px}<\/style><h2 class=\"elementor-heading-title elementor-size-default\">Politica de Cookies<\/h2>\t\t<\/div>\n\t\t\t\t<\/div>\n\t\t\t\t<div class=\"elementor-element elementor-element-627c9ae elementor-widget elementor-widget-text-editor\" data-id=\"627c9ae\" data-element_type=\"widget\" data-widget_type=\"text-editor.default\">\n\t\t\t\t<div class=\"elementor-widget-container\">\n\t\t\t<style>\/*! elementor - v3.21.0 - 26-05-2024 *\/\n.elementor-widget-text-editor.elementor-drop-cap-view-stacked .elementor-drop-cap{background-color:#69727d;color:#fff}.elementor-widget-text-editor.elementor-drop-cap-view-framed .elementor-drop-cap{color:#69727d;border:3px solid;background-color:transparent}.elementor-widget-text-editor:not(.elementor-drop-cap-view-default) .elementor-drop-cap{margin-top:8px}.elementor-widget-text-editor:not(.elementor-drop-cap-view-default) .elementor-drop-cap-letter{width:1em;height:1em}.elementor-widget-text-editor .elementor-drop-cap{float:left;text-align:center;line-height:1;font-size:50px}.elementor-widget-text-editor .elementor-drop-cap-letter{display:inline-block}<\/style>\t\t\t\t<p>\u00a0<\/p><p>Site-ul <strong>https:\/\/enlightensmiles.ro<\/strong> utilizeaz\u0103 cookie-uri.<\/p><p>Informa\u021biile prezentate \u00een continuare au scopul de a aduce la cuno\u0219tin\u021b\u0103 utilizatorului mai multe detalii despre plasarea, utilizarea \u0219i administrarea cookie-urilor utilizate de site-ul <strong>https:\/\/enlightensmiles.ro<\/strong>.<\/p><p>\u00cen cazul \u00een care ave\u021bi nevoie de mai multe informa\u021bii, \u0219i ele nu se reg\u0103sesc mai jos, ne pute\u021bi contacta la adresa de email <a href=\"mailto:contact@imperialia.ro\">info@enlightensmiles.ro<\/a>.<\/p><p>V\u0103 rug\u0103m s\u0103 citi\u021bi cu aten\u021bie informa\u021biile care urmeaz\u0103:<\/p><p>Acest website poate folosi cookie-uri at\u00e2t proprii, c\u00e2t \u0219i provenind de la ter\u021bi, pentru a furniza vizitatorilor o experien\u021b\u0103 mult mai bun\u0103 de navigare \u0219i servicii adaptate nevoilor \u0219i interesului fiec\u0103ruia.<\/p><p>Deoarece v\u0103 respect\u0103m dreptul la confiden\u021bialitate, pute\u021bi opta pentru blocarea anumitor tipuri de cookie-uri provenite de la acest site.<\/p><p>Cookie-urile joac\u0103 un rol important \u00een facilitarea accesului \u0219i livr\u0103rii multiplelor servicii de care utilizatorul se bucur\u0103 pe internet, cum ar fi:<\/p><ul><li>Personalizarea anumitor set\u0103ri precum: limba \u00een care este vizualizat un site, moneda \u00een care se exprim\u0103 anumite pre\u021buri sau tarife, p\u0103strarea op\u021biunilor pentru diverse produse (m\u0103suri, alte detalii etc) \u00een co\u0219ul de cump\u0103r\u0103turi (\u0219i memorarea acestor op\u021biuni), salvarea anumitor preferin\u021be \u00een vederea reutiliz\u0103rii viitoare.<\/li><li>Cookie-urile ofer\u0103 de\u021bin\u0103torilor de site-uri un feedback valoros asupra modului cum sunt utilizate site-urile lor de c\u0103tre utilizatori, astfel \u00eenc\u00e2t s\u0103 le poat\u0103 face \u0219i mai eficiente \u0219i mai u\u0219or accesibile.<\/li><li>Permit aplica\u021biilor multimedia sau de alt tip de pe alte site-uri s\u0103 fie incluse \u00eentr-un anumit site pentru a crea o experien\u021b\u0103 de navigare mai valoroas\u0103, mai util\u0103 \u0219i mai placut\u0103.<\/li><li>\u00cembun\u0103t\u0103\u021besc eficien\u021ba publicit\u0103\u021bii online.<\/li><\/ul><p><strong>Ce este un Cookie?<\/strong><\/p><p>Un Cookie este un fi\u0219ier de mici dimensiuni, format din litere \u0219i numere, care va fi stocat pe computerul, terminalul mobil sau alte echipamente ale unui utilizator de pe care se acceseaz\u0103 Internetul.<\/p><p>Cookie-ul este instalat prin solicitara emisa de c\u0103tre un web-server unui browser (ex: Chrome, Firefox) \u0219i este complet \u201cpasiv\u201d (nu con\u021bine programe software, viru\u0219i sau spyware \u0219i nu poate accesa informa\u021biile de pe hard drive-ul utilizatorului).<\/p><p>Un cookie este format din 2 p\u0103r\u021bi: numele \u0219i con\u021binutul sau valoarea cookie-ului. Mai mult, durata de existen\u021b\u0103 a unui cookie este determinat\u0103; tehnic, doar webserverul care a trimis cookie-ul \u00eel poate accesa din nou \u00een momentul \u00een care un utilizator se intoarce pe website-ul asociat webserverului respectiv.<\/p><p>Cookie-urile \u00een sine nu solicit\u0103 informa\u021bii cu caracter personal pentru a putea fi utilizate \u0219i, \u00een cele mai multe cazuri, nu identific\u0103 personal utilizatorii de internet.<\/p><p>Exista 2 categorii mari de cookie-uri:<\/p><ul><li>Cookie-uri de sesiune &#8211; acestea sunt stocate temporar \u00een dosarul de cookie-uri al browserului web pentru ca acesta s\u0103 le memoreze p\u00e2n\u0103 c\u00e2nd utilizatorul \u00eenchide fereastra browserului sau se delogheaz\u0103 de pe site-ul respectiv.<\/li><li>Cookie-uri Persistente &#8211; Acestea sunt stocate pe hard-drive-ul unui computer sau echipament (\u0219i \u00een general depinde de durata de via\u021b\u0103 prestabilit\u0103 pentru cookie). Cookie-urile persistente le includ \u0219i pe cele plasate de un alt website dec\u00e2t cel pe care \u00eel viziteaz\u0103 utilizatorul la momentul respectiv &#8211; cunoscute sub numele de &#8216;third party cookies\u2019 (cookieuri plasate de ter\u021bi) &#8211; care pot fi folosite \u00een mod anonim pentru a memora preferin\u021bele unui utilizator.<\/li><\/ul><p><strong>Care sunt avantajele cookie-urilor?<\/strong><\/p><p>Un cookie con\u021bine informa\u021bii care fac legatura \u00eentre un web-browser (utilizatorul) \u0219i un web-server anume (website-ul). Dac\u0103 un browser acceseaz\u0103 acel web-server din nou, acesta poate citi informa\u021bia deja stocat\u0103 \u0219i reac\u021biona \u00een consecin\u021b\u0103. Cookie-urile asigur\u0103 userilor o experien\u021b\u0103 pl\u0103cut\u0103 de navigare \u0219i sus\u021bin eforturile multor websiteuri pentru a oferi servicii confortabile utilizatorillor: ex &#8211; preferin\u021bele \u00een materie de confiden\u021bialitate online, op\u021biunile privind limba site-ului, co\u0219uri de cump\u0103r\u0103turi sau publicitate relevant\u0103.<\/p><p><strong>Care este durata de viata a unui cookie?<\/strong><\/p><p>Cookie-urile sunt administrate de webservere. Durata de via\u021b\u0103 a unui cookie poate varia semnificativ, depinz\u00e2nd de scopul pentru care este plasat. Unele cookie-uri sunt folosite exclusiv pentru o singur\u0103 sesiune (cookie-uri de sesiune) \u0219i nu mai sunt re\u021binute odat\u0103 ce utilizatorul a p\u0103r\u0103sit website-ul \u0219i unele cookie-uri sunt re\u021binute \u0219i refolosite de fiecare dat\u0103 c\u00e2nd utilizatorul revine pe acel website (cookie-uri permanente). Cu toate aceste, cookie-urile pot fi \u0219terse de un utilizator \u00een orice moment prin intermediul set\u0103rilor browserului.<\/p><p><strong>Ce sunt cookie-urile plasate de ter\u021bi?<\/strong><\/p><p>Anumite sec\u021biuni de con\u021binut de pe unele site-uri pot fi furnizate prin intermediul unor ter\u021be p\u0103r\u021bi\/ furnizori (ex: un video, o reclam\u0103, o aplica\u021bie de chat, etc). Aceste ter\u021be p\u0103r\u021bi pot plasa de asemenea cookie-uri prin intermediul site-ului \u0219i ele se numesc \u201cthird party cookies\u201d pentru c\u0103 nu sunt plasate de c\u0103tre proprietarul website-ului respectiv. Furnizorii ter\u021bi trebuie s\u0103 respecte de asemenea legea \u00een vigoare \u0219i politicile de confiden\u021bialitate ale de\u021bin\u0103torului site-ului.<\/p><p><strong>Cum sunt folosite cookie-urile de c\u0103tre acest site<\/strong><\/p><p>Cookie-urile asigur\u0103 utilizatorilor o experien\u021b\u0103 pl\u0103cut\u0103 de navigare \u0219i sus\u021bin eforturile noastre pentru a oferi servicii confortabile utilizatorilor prin functionalita\u021bi precum preferin\u021bele \u00een materie de confiden\u021bialitate online, co\u0219ul de cump\u0103r\u0103turi sau publicitate relevant\u0103. De asemenea, sunt utilizate \u00een preg\u0103tirea unor statistici anonime agregate care ne ajut\u0103 s\u0103 \u00een\u021belegem cum un utilizator beneficiaz\u0103 de paginile noastre web, permi\u021b\u00e2ndu-ne \u00eembun\u0103t\u0103\u021birea structurii \u0219i con\u021binutului lor, excluz\u00e2nd indentificarea personal\u0103 a utilizatorului.<\/p><p>O vizit\u0103 pe acest site poate plasa urm\u0103toarele tipuri de cookie-uri:<\/p><ul><li>Cookie-uri esen\u021biale<\/li><li>Cookie-uri de performan\u021b\u0103<\/li><li>Cookie-uri de Social media \u0219i publicitate<\/li><\/ul><p>Anumite cookie-uri, precum cele de performan\u021b\u0103 sau cele de Social media \u0219i publicitate, pot proveni de la ter\u021bi.<\/p><p><strong>Cookie-uri esen\u021biale<\/strong><\/p><p>Aceste cookie-uri permit at\u00e2t salvarea preferin\u021belor cu privire la celelalte tipuri de cookie-uri folosite, c\u00e2t \u0219i accesarea func\u021bionalita\u021bilor de baz\u0103 ale acestui site.<\/p><p>Ele re\u021bin preferin\u021bele utilizatorului pe acest site, a\u0219a \u00eenc\u00e2t nu mai este nevoie de setarea lor la fiecare vizitare a site-ului.<\/p><p>Cookie-urile de \u00eenregistrare sunt generate atunci c\u00e2nd un utilizator se \u00eenregistreaz\u0103 pe acest site, cu scopul de a ne informa ulterior dac\u0103 acesta este \u00eenregistrat sau nu. Serverele noastre folosesc aceste cookie-uri pentru a ne ar\u0103ta contul cu care sunte\u021bi \u00eenregistrat \u0219i pentru a v\u0103 oferi o experien\u021b\u0103 mai facil\u0103 de interac\u021biune cu site-ul.<\/p><p>Alte cookie-uri pe care le plas\u0103m pentru a v\u0103 permite utilizarea optim\u0103 a site-ului sunt cookie-urile corespunzatoare co\u0219ului de cump\u0103r\u0103turi \u0219i listelor de Favorite (cu rolul de a salva informa\u021biile aferente produselor pe care le-a\u021bi ad\u0103ugat \u00een co\u0219 sau ca Favorite), cookie-urile de localizare (utilizate pentru a stabili loca\u021bia dvs \u00een func\u021bie de IP, cu scopul de a precompleta anumite c\u00e2mpuri necesare la \u00eenregistrare sau plasarea de comenzi), cookie-urile de sesiune generate la accesare \u0219i \u0219terse automat la \u00eenchiderea browser-ului (necesare pentru func\u021bionarea protocolului HTTP, completarea anumitor formulare, interac\u021biunea cu anumite elemente din site etc.), cookie-urile care recunosc tipul de terminal folosit &#8211; desktop sau mobile, cookie-uri ale aplica\u021biilor de chat care permit discu\u021bii \u00een timp real cu serviciul de rela\u021bii cu clien\u021bii.<\/p><p><strong>Cookie-uri de performan\u021b\u0103<\/strong><\/p><p>Ele includ at\u00e2t cookie-urile provenite din partea serviciilor de analiz\u0103 a traficului, precum \u0219i cookie-uri plasate de anumite servicii ter\u021be care ofer\u0103 func\u021bionalit\u0103\u021bi complementare site-ului.<\/p><p>Cookie-urile de analiz\u0103 a traficului permit m\u0103surarea \u00een mod agregat a traficul site-ului, identificarea surselelor de trafic, ofer\u0103 informa\u021bii despre cele mai vizitate sau cele mai pu\u021bin accesate pagini, precum \u0219i despre modul \u00een care utilizatorii interac\u021bioneaz\u0103 cu site-ul. Informa\u021biile enumerate sunt colectate \u00een mod agregat \u0219i implicit complet anonim. Aceste cookie-uri pot proveni din partea unor ter\u021bi precum servicii de Web Analytics (Ex: Google Analytics).<\/p><p><strong>Cookie-uri de Social media \u0219i publicitate<\/strong><\/p><p>Acestea pot fi plasate prin intermediul site-ului de c\u0103tre serviciile de social media sau publicitate pe care le utiliz\u0103m.<\/p><p>Acest tip de cookie-uri poate fi folosit de c\u0103tre aceste servicii pentru a determina un anumit profil al vizitatorilor \u0219i pentru a v\u0103 afi\u0219a mesaje publicitare relevante pe alte site-uri pe care le vizita\u021bi..<\/p><p>Ele pot proveni din partea unor ter\u021bi precum servicii de publicitate (Ex: AdSense, AdWords), platforme de tip social media (Ex: Facebook, Twitter), etc.<\/p><p>Datorit\u0103 modului de utilizare, acest site nu poate accesa aceste cookie-uri provenite de la ter\u021bi, la fel cum ter\u021bele p\u0103r\u021bi nu pot accesa cookie-urile de\u021binute de acest site. De exemplu, c\u00e2nd distribui\u021bi un articol folosind butonul pentru retelele sociale aflat pe acest site, acea retea social\u0103 va \u00eenregistra activitatea dvs.<\/p><p><strong>Ce tip de informa\u021bii sunt stocate \u0219i accesate prin intermediul cookie-urilor?<\/strong><\/p><p>Cookie-urile p\u0103streaz\u0103 informa\u021bii \u00eentr-un fisier text de mici dimensiuni care permit unui website s\u0103 recunoasc\u0103 un browser. Webserverul va recunoa\u0219te browserul p\u00e2n\u0103 cand cookie-ul expir\u0103 sau este \u0219ters. Cookie-ul stocheaz\u0103 informa\u021bii importante care \u00eembun\u0103t\u0103\u021besc experien\u021ba de navigare pe Internet ( ex: p\u0103strarea unui user logat \u00een contul sau de utilizator; pastrarea produselor in cosul de cumparaturi; pastrarea produselor in lista de Favorite).<\/p><p><strong>De ce sunt cookie-urile importante pentru Internet?<\/strong><\/p><p>Cookie-urile reprezint\u0103 punctul central al func\u021bion\u0103rii eficiente a Internetului, ajut\u00e2nd la generarea unei experien\u021be de navigare prietenoase \u0219i adaptat\u0103 preferin\u021belor \u0219i intereselor fiec\u0103rui utilizator. Refuzarea sau dezactivarea cookieurilor poate \u00eengreuna utilizarea unui site.<\/p><p>Refuzarea sau dezactivarea cookie-urilor nu \u00eenseamn\u0103 c\u0103 nu ve\u021bi mai primi publicitate online &#8211; ci doar c\u0103 aceasta nu va mai putea \u021bine cont de preferin\u021bele \u0219i interesele dvs, eviden\u021biate prin comportamentul de navigare.<\/p><p>Exemple de \u00eentrebuin\u021b\u0103ri importante ale cookie-urilor (care nu necesit\u0103 autentificarea unui utilizator prin intermediul unui cont):<\/p><ul><li>Con\u021binut \u0219i servicii adaptate preferin\u021belor utilizatorului &#8211; categorii de \u0219tiri, vreme, sport, h\u0103r\u021bi, servicii publice \u0219i guvernamentale, site-uri de entertainment \u0219i servicii de travel.<\/li><li>Oferte adaptate pe interesele utilizatorilor &#8211; re\u021binerea parolelor, preferin\u021bele de limb\u0103 ( Ex: afi\u0219area rezultatelor c\u0103ut\u0103rilor \u00een limba rom\u00e2n\u0103).<\/li><li>Re\u021binerea filtrelor de protec\u021bie a copiilor privind con\u021binutul pe Internet (op\u021biuni family mode, func\u021bii de safe search).<\/li><li>Limitarea frecven\u021bei de difuzare a reclamelor &#8211; limitarea num\u0103rului de afi\u0219\u0103ri a unei reclame pentru un anumit utilizator pe un site.<\/li><li>Furnizarea de publicitate mai relevant\u0103 pentru utilizator.<\/li><li>M\u0103surarea, optimizarea \u0219i caracteristicile de analytics &#8211; cum ar fi confirmarea unui anumit nivel de trafic pe un website, ce tip de con\u021binut este vizualizat \u0219i modul cum un utilizator ajunge pe un website (ex prin motoare de c\u0103utare, direct, din alte website-uri etc). Website-urile deruleaz\u0103 aceste analize a utiliz\u0103rii lor pentru a \u00eembun\u0103t\u0103\u021bi site-urile \u00een beneficiul user-ilor.<\/li><\/ul><p><strong>Securitate \u0219i probleme legate de confiden\u021bialitate<\/strong><\/p><p>Cookie-urile folosesc formate tip plain text. Nu sunt alc\u0103tuite din buca\u021bi de cod a\u0219a c\u0103 nu pot fi executate nici nu pot auto-rula. \u00cen consecin\u021b\u0103, nu se pot duplica sau replica pe alte retele pentru a se rula sau replica din nou. Cookie-urile pot fi totu\u0219i folosite pentru scopuri negative. Deoarece stocheaz\u0103 informa\u021bii despre preferin\u021bele \u0219i istoricul de navigare al utilizatorilor, at\u00e2t pe un anume site c\u00e2t \u0219i pe mai multe alte site-uri, cookie-urile pot fi folosite ca o form\u0103 de Spyware. Multe produse anti-spyware sunt con\u0219tiente de acest fapt \u0219i \u00een mod constant marcheaz\u0103 cookie-urile pentru a fi \u0219terse \u00een cadrul procedurilor de \u0219tergere\/scanare anti-virus\/anti-spyware.<\/p><p>\u00cen general browserele au integrate set\u0103ri de confiden\u021bialitate care furnizeaz\u0103 diferite nivele de acceptare a cookie-urilor, perioada de valabilitate \u0219i stergere automat\u0103 dup\u0103 ce utilizatorul a vizitat un anumit site.<\/p><p>Deoarece protec\u021bia identit\u0103\u021bii este foarte valoroas\u0103 \u0219i reprezint\u0103 dreptul fiec\u0103rui utilizator de internet, este indicat s\u0103 se \u0219tie ce eventuale probleme pot crea cookie-urile. Pentru ca prin intermediul lor se transmit \u00een mod constant \u00een ambele sensuri informa\u021bii \u00eentre browser \u0219i website, dac\u0103 un atacator sau persoan\u0103 neautorizat\u0103 intervine \u00een parcursul de transmitere a datelor, informa\u021biile con\u021binute de cookie pot fi interceptate. De\u0219i foarte rar, acest lucru se poate \u00eent\u00e2mpla dac\u0103 browserul se conecteaz\u0103 la server folosind o re\u021bea necriptat\u0103 (ex: o re\u021bea WiFi nesecurizat\u0103).<\/p><p>Alte atacuri bazate pe cookie implic\u0103 set\u0103ri gre\u0219ite ale cookie-urilor pe servere. Dac\u0103 un website nu solicit\u0103 browserului s\u0103 foloseasc\u0103 doar canale criptate, atacatorii pot folosi aceast\u0103 vulnerabilitate pentru a p\u0103c\u0103li browserele \u00een a trimite informa\u021bii prin intermediul canalelor nesecurizate. Atacatorii utilizeaz\u0103 apoi informa\u021biile \u00een scopuri de a accesa neautorizat anumite site-uri. Este foarte important sa fi\u021bi aten\u021bi \u00een alegerea metodei celei mai potrivite de protec\u021bie a informa\u021biilor personale.<\/p><p><strong>Sfaturi pentru o navigare sigur\u0103 \u0219i responsabil\u0103, bazat\u0103 pe cookies<\/strong><\/p><p>Datorit\u0103 flexibilit\u0103\u021bii lor \u0219i a faptului c\u0103 majoritatea dintre cele mai vizitate \u0219i mari site-uri folosesc cookie-uri, acestea sunt aproape inevitabile. Dezactivarea cookie-urilor nu va permite accesul utilizatorului pe site-urile cele mai r\u0103sp\u00e2ndite \u0219i utilizate printre care Youtube, Gmail, Facebook, Yahoo \u0219i altele. Iat\u0103 c\u00e2teva sfaturi care v\u0103 pot asigura c\u0103 naviga\u021bi f\u0103r\u0103 griji \u00eens\u0103 cu ajutorul cookie-urilor:<\/p><ul><li>Particulariza\u021bi-v\u0103 set\u0103rile browserului \u00een ceea ce prive\u0219te cookie-urile pentru a reflecta un nivel confortabil pentru dvs al securit\u0103\u021bii utiliz\u0103rii cookie-urilor.<\/li><li>Dac\u0103 nu v\u0103 deranjeaz\u0103 cookie-urile \u0219i sunte\u021bi singura persoana care utilizeaz\u0103 computerul, pute\u021bi seta termene lungi de expirare pentru stocarea istoricului de navigare \u0219i al datelor personale de acces.<\/li><li>Daca \u00eemp\u0103r\u021bi\u021bi accesul la calculator, pute\u021bi lua \u00een considerare setarea browserului pentru a \u0219terge datele individuale de navigare de fiecare dat\u0103 c\u00e2nd \u00eenchide\u021bi browserul. Aceasta este o variant\u0103 de a accesa site-urile care plaseaz\u0103 cookie-uri \u0219i de a \u0219terge orice informa\u021bie de vizitare la \u00eenchiderea sesiunii de navigare.<\/li><li>Instala\u021bi-v\u0103 aplica\u021bii antispyware \u0219i updata\u021bi-le \u00een mod constant.<\/li><\/ul><p>Multe dintre aplica\u021biile de detectare \u0219i prevenire a spyware-ului includ detectarea atacurilor pe site-uri. Astfel, \u00eempiedic\u0103 browserul de a accesa website-uri care ar putea s\u0103 exploateze vulnerabilita\u021bile browserului sau s\u0103 descarce software periculos. Asigura\u021bi-v\u0103 c\u0103 ave\u021bi browserul mereu updatat. Multe dintre atacurile bazate pe cookies se realizeaz\u0103 exploat\u00e2nd punctele slabe ale versiunilor vechi ale browserelor.<\/p><p>Cookie-urile sunt pretutindeni \u0219i nu pot fi evitate dac\u0103 dori\u021bi s\u0103 v\u0103 bucura\u021bi de accesul la cele mai populare site-uri de pe Internet. Cu o \u00een\u021belegere clar\u0103 a modului lor de operare \u0219i a beneficiilor pe care le aduc, pute\u021bi lua masurile necesare de securitate astel \u00eenc\u00e2t s\u0103 pute\u021bi naviga cu \u00eencredere pe internet.<\/p><p><strong>Cum pot opri cookie-urile?<\/strong><\/p><p>Este posibil\u0103 configurarea browserului pentru ca aceste cookie-uri s\u0103 nu mai fie acceptate sau pute\u021bi configura browserul s\u0103 accepte cookie-uri doar de la un site anume.<\/p><p>Toate browserele moderne ofer\u0103 posibilitatea de a configura preferin\u021be de stocare a cookie-urilor. Aceste set\u0103ri se g\u0103sesc de regul\u0103 \u00een \u201cop\u021biuni\u201d sau \u00een meniul de \u201cpreferin\u021be\u201d al browserului dvs. Pentru a \u00een\u021belege aceste set\u0103ri, pute\u021bi folosi op\u021biunea \u201cajutor\u201d a browserului pentru mai multe detalii.<\/p><p><strong>Linkuri utile<\/strong><\/p><p>Dac\u0103 dori\u021bi s\u0103 afla\u021bi mai multe informa\u021bii despre cookie-uri \u0219i la ce sunt utilizate, recomand\u0103m urmatoarele linkuri:<\/p><ul><li><a href=\"http:\/\/www.allaboutcookies.org\/\">All About Cookies<\/a><\/li><li><a href=\"http:\/\/www.youronlinechoices.com\/ro\/\">http:\/\/www.youronlinechoices.com\/ro\/<\/a><\/li><\/ul>\t\t\t\t\t\t<\/div>\n\t\t\t\t<\/div>\n\t\t\t\t\t<\/div>\n\t\t\t\t<\/div>\n\t\t\t\t<\/div>\n\t\t","protected":false},"excerpt":{"rendered":"<p>Cookies Policy The website https:\/\/enlightensmiles.ro uses cookies. The information presented below is intended to inform the user of more details about the placement, use and management of cookies used by the website https:\/\/enlightensmiles.ro. If you need more information, and it is not found below, you can contact us at the email address info@enlightensmiles.ro. Please \u2026<\/p>","protected":false},"author":1,"featured_media":0,"parent":0,"menu_order":0,"comment_status":"closed","ping_status":"closed","template":"single-shop.php","meta":{"footnotes":""},"class_list":["post-3001","page","type-page","status-publish","hentry"],"_links":{"self":[{"href":"https:\/\/enlightensmiles.ro\/en\/wp-json\/wp\/v2\/pages\/3001","targetHints":{"allow":["GET"]}}],"collection":[{"href":"https:\/\/enlightensmiles.ro\/en\/wp-json\/wp\/v2\/pages"}],"about":[{"href":"https:\/\/enlightensmiles.ro\/en\/wp-json\/wp\/v2\/types\/page"}],"author":[{"embeddable":true,"href":"https:\/\/enlightensmiles.ro\/en\/wp-json\/wp\/v2\/users\/1"}],"replies":[{"embeddable":true,"href":"https:\/\/enlightensmiles.ro\/en\/wp-json\/wp\/v2\/comments?post=3001"}],"version-history":[{"count":4,"href":"https:\/\/enlightensmiles.ro\/en\/wp-json\/wp\/v2\/pages\/3001\/revisions"}],"predecessor-version":[{"id":3005,"href":"https:\/\/enlightensmiles.ro\/en\/wp-json\/wp\/v2\/pages\/3001\/revisions\/3005"}],"wp:attachment":[{"href":"https:\/\/enlightensmiles.ro\/en\/wp-json\/wp\/v2\/media?parent=3001"}],"curies":[{"name":"wp","href":"https:\/\/api.w.org\/{rel}","templated":true}]}}