{"id":3,"date":"2024-03-15T17:56:45","date_gmt":"2024-03-15T17:56:45","guid":{"rendered":"https:\/\/enlightensmiles.ro\/?page_id=3"},"modified":"2024-03-28T11:04:58","modified_gmt":"2024-03-28T09:04:58","slug":"termeni-si-conditii","status":"publish","type":"page","link":"https:\/\/enlightensmiles.ro\/en\/termeni-si-conditii\/","title":{"rendered":"Terms and conditions"},"content":{"rendered":"\t\t<div data-elementor-type=\"wp-page\" data-elementor-id=\"3\" class=\"elementor elementor-3\">\n\t\t\t\t<div class=\"elementor-element elementor-element-2624f57d e-flex e-con-boxed e-con e-parent\" data-id=\"2624f57d\" data-element_type=\"container\">\n\t\t\t\t\t<div class=\"e-con-inner\">\n\t\t\t\t<div class=\"elementor-element elementor-element-d98f61d elementor-widget elementor-widget-heading\" data-id=\"d98f61d\" data-element_type=\"widget\" data-widget_type=\"heading.default\">\n\t\t\t\t<div class=\"elementor-widget-container\">\n\t\t\t<style>\/*! elementor - v3.21.0 - 26-05-2024 *\/\n.elementor-heading-title{padding:0;margin:0;line-height:1}.elementor-widget-heading .elementor-heading-title[class*=elementor-size-]>a{color:inherit;font-size:inherit;line-height:inherit}.elementor-widget-heading .elementor-heading-title.elementor-size-small{font-size:15px}.elementor-widget-heading .elementor-heading-title.elementor-size-medium{font-size:19px}.elementor-widget-heading .elementor-heading-title.elementor-size-large{font-size:29px}.elementor-widget-heading .elementor-heading-title.elementor-size-xl{font-size:39px}.elementor-widget-heading .elementor-heading-title.elementor-size-xxl{font-size:59px}<\/style><h2 class=\"elementor-heading-title elementor-size-default\">Termeni \u0219i Condi\u021bii<\/h2>\t\t<\/div>\n\t\t\t\t<\/div>\n\t\t\t\t<div class=\"elementor-element elementor-element-a0d803e elementor-widget elementor-widget-text-editor\" data-id=\"a0d803e\" data-element_type=\"widget\" data-widget_type=\"text-editor.default\">\n\t\t\t\t<div class=\"elementor-widget-container\">\n\t\t\t<style>\/*! elementor - v3.21.0 - 26-05-2024 *\/\n.elementor-widget-text-editor.elementor-drop-cap-view-stacked .elementor-drop-cap{background-color:#69727d;color:#fff}.elementor-widget-text-editor.elementor-drop-cap-view-framed .elementor-drop-cap{color:#69727d;border:3px solid;background-color:transparent}.elementor-widget-text-editor:not(.elementor-drop-cap-view-default) .elementor-drop-cap{margin-top:8px}.elementor-widget-text-editor:not(.elementor-drop-cap-view-default) .elementor-drop-cap-letter{width:1em;height:1em}.elementor-widget-text-editor .elementor-drop-cap{float:left;text-align:center;line-height:1;font-size:50px}.elementor-widget-text-editor .elementor-drop-cap-letter{display:inline-block}<\/style>\t\t\t\t<p><!-- wp:paragraph --><\/p>\n<p><!-- \/wp:paragraph --><!-- wp:paragraph --><\/p>\n<p><strong>TERMENI GENERALI<\/strong><\/p>\n<p>Prezentul document con\u021bine termenii \u0219i condi\u021biile de utilizare ale site-ului www.enlightensmiles.ro (denumit \u00een continuare \u201cTermeni \u0219i Condi\u021bii\u201d) stabile\u0219te care sunt condi\u021biile \u00een care orice persoan\u0103 poate vizita ori accesa site-ul www. enlightensmiles.ro, ori poate utiliza \u00een orice mod serviciile oferite prin intermediul Site-ului.<\/p>\n<p>\u00cen \u00een\u021belesul Termenilor \u0219i Condi\u0163iilor: \u201cSite\u201d \u00eenseamn\u0103 \u00een continuare site-ul de internet www.enlightensmiles.ro; \u201cAdministratorul Site-ului\u201d \u00eenseamn\u0103 \u00een continuare S.C. ENLIGHTEN SMILES RO S.R.L.. cu sediul \u00een Str. Amiral Horia M\u0103celariu nr. 55, sector 1, Bucure\u0219ti; \u201cServiciul\u201d \u00eenseamn\u0103 orice serviciu oferit pe Site, \u0219i\/sau orice modul sau componenta a acestuia; \u201cUtilizatorul\u201d \u00eenseamn\u0103 \u00een continuare orice persoan\u0103 care viziteaz\u0103 sau acceseaz\u0103 Site-ul, care \u00ee\u0219i creaz\u0103 cont pe Site sau care dore\u0219te s\u0103 utilizeze \u00een orice mod sau utilizeaz\u0103 efectiv Serviciul.<\/p>\n<p>Neacceptarea acestor Termeni \u0219i Condi\u021bii ori a oric\u0103rei prevederi din ace\u0219tia, astfel cum ace\u0219tia sunt formulate \u00een prezentul act, atrage obliga\u021bia Utilizatorului de a \u00eenceta de \u00eendat\u0103 accesarea Site-ului; accesarea sau vizitarea \u00een continuare a Site-ului, a oric\u0103rei pagini din acesta \u0219i \/ sau utilizarea Serviciului, precum \u0219i a oric\u0103rei componente a acestora constituie o acceptare \u00een \u00eentregime \u0219i necondi\u021bionat\u0103 a Termenilor \u0219i Condi\u021biilor \u0219i a oric\u0103rei prevederi din ace\u0219tia.<\/p><p><span style=\"text-align: var(--text-align);\">Prin \u00eenregistrare Utilizatorul accept\u0103 \u00een \u00eentregime \u0219i necondi\u021bionat prevederile acestor Termeni \u0219i Condi\u021bii \u0219i \u00een\u021belege s\u0103 utilizeze Serviciul \u00een stricta conformitate cu acestea. Utilizatorii \u00een\u021beleg \u0219i accept\u0103 c\u0103 utilizarea precum \u0219i orice accesare sau vizitare \u00een continuare a Site-ului, a oric\u0103rei pagini din acesta \u0219i \/ sau utilizarea Serviciului, precum \u0219i a oric\u0103rei componente a acestora constituie o acceptare \u00een \u00eentregime \u0219i necondi\u021bionat\u0103 a Termenilor \u0219i Condi\u021biilor \u0219i a oric\u0103rei prevederi din acestea; neacceptarea Termenilor \u0219i Condi\u021biilor de c\u0103tre Utilizatorii men\u021biona\u021bi mai sus atrage obliga\u021bia acestora de a \u00eenceta de \u00eendat\u0103 accesarea Site-ului.<\/span><\/p><p><strong style=\"text-align: var(--text-align);\">DREPTURILE ASUPRA CON\u021aINUTULUI SITE-ULUI<\/strong><\/p><p><span style=\"text-align: var(--text-align);\">Con\u021binutul \u0219i elementele de grafic\u0103 ale Site-ului, inclusiv dar far\u0103 a se limita la acestea, \u00eentreg con\u021binutul \u00een format text \u0219i orice alt material, transmis sub orice form\u0103 de \u0219i c\u0103tre Utilizatori (prin vizualizare direct\u0103 pe Site, prin newslettere sau prin orice alte materiale legate direct sau indirect de Site) apar\u021bin Administratorului Site-ului \u0219i partenerilor s\u0103i \u0219i reprezint\u0103 con\u021binutul Site-ului. Prin derogare de la prevederea precedent\u0103 nu apar\u021bin Administratorului Site-ului sau partenerilor s\u0103i acele materiale pentru care pe Site s-a indicat un alt titular de drepturi, ori un alt de\u021bin\u0103tor sau o alt\u0103 surs\u0103, \u0219i nici opiniile \u0219i\/sau comentariile de orice fel exprimate de Utilizatorii Site-ului postate pe Site sau fat\u0103 de Con\u021binutul Site-ului \u00een general. \u00cen cazurile \u00een care Con\u021binutul Site-ului, indiferent de zona \u00een care se afl\u0103 \u00een Site \u0219i indiferent de tip este preluat de Administratorului Site-ului de la al\u021bi produc\u0103tori \/ emiten\u021bi de con\u021binut sau materiale \u00een fomat text, imagine, grafic\u0103, secven\u021be video, dar far\u0103 a se limita la acestea, o asemnenea preluare se realizeaz\u0103 cu respectarea prevederilor legale \u0219i regulilor incidente \u00een asemenea cazuri.<\/span><\/p><p><span style=\"text-align: var(--text-align);\">Utilizatorii \u00een\u021beleg \u0219i accept\u0103 c\u0103 toate informa\u021biile, datele, materialele postate pe Site au doar un caracter informativ \u0219i orientativ, \u0219i c\u0103 Administratorul Site-ului nu poate fi tras la r\u0103spundere \u00een niciun caz \u0219i \u00een niciun mod pentru veridicitatea \u0219i validitatea Con\u021binutului Site-ului, sau pentru orice efect juridic decurg\u00e2nd din utilizarea acestuia.<\/span><\/p><p><span style=\"text-align: var(--text-align);\">&nbsp;R\u0103spunsul primit c\u0103 urmare a complet\u0103rii formularului de miniconsulta\u021bie nu are valoarea unei consulta\u021bii reale \u0219i Administratorul Site-ului nu poate fi r\u0103spunz\u0103tor pentru acest r\u0103spuns informal, acesta av\u00e2nd un scop pur informativ \u0219i nicidecum neconstituind un tratament medical adecvat.<\/span><\/p><p><span style=\"text-align: var(--text-align);\">Utilizatorii se oblig\u0103 s\u0103 respecte toate drepturile de autor \u0219i drepturile conexe acestuia \u0219i orice alte drepturi de proprietate intelectual\u0103 pe care Adminstratorul Site-ului \u0219i partenerii s\u0103i le de\u021bin asupra \/ \u00een leg\u0103tur\u0103 cu Site-ul, Con\u021binutul acestuia, Serviciul, orice modul sau component\u0103 a acestora sau \u00een leg\u0103tur\u0103 cu utilizarea acestora. Utilizatorii \u00een\u021beleg \u0219i accept\u0103 c\u0103 \u00een cazul \u00eenc\u0103lc\u0103rii a vreunei din prevederile de mai sus \u00een orice m\u0103sur\u0103, vor putea fi tra\u0219i la r\u0103spundere fat\u0103 de autorii \/ proprietarii Con\u021binutului Site-ului. Con\u021binutul Site-ului, indiferent de zona \u00een care se afla \u00een Site \u0219i indiferent de tip, poate fi utilizat exclusiv \u00een scopuri personale, definite potrivit prezentului document ca fiind scopuri pur necomerciale, far\u0103 nicio inten\u021bie direct\u0103 ori indirect\u0103 privind ob\u021binerea de profituri sau c\u00e2\u0219tiguri de orice fel dintr-o asemenea utilizare. Orice utilizare de con\u021binut de c\u0103tre ter\u021be persoane \u00een orice alte scopuri dec\u00e2t cele personale se poate face numai cu acordul scris, expres \u0219i prealabil al Administratorului Site-ului.<\/span><\/p><p><span style=\"text-align: var(--text-align);\">Este interzis\u0103 copierea, preluarea, reproducerea, publicarea, transmiterea, v\u00e2nzarea, distribu\u021bia total\u0103 sau par\u021bial\u0103, integral\u0103 sau modificat\u0103 a con\u021binutului acestui Site sau a oric\u0103rei p\u0103rti a acestuia efectuate \u00een orice alte scopuri dec\u00e2t cele personale; Administratorul Site-ului \u00ee\u0219i rezerv\u0103 dreptul de a ac\u021biona \u00een instan\u021b\u0103 orice persoan\u0103 \u0219i \/ sau entitate care \u00eencalc\u0103 \u00een orice mod prevederile de mai sus. Cererile de utilizare a con\u021binutului Site-ului \u00een orice scopuri dec\u00e2t cele personale pot fi trimise la adresa: S.C. ENLIGHTEN SMILES RO S.R.L. cu sediul \u00een Str. Amiral Horia M\u0103celariu nr. 55, sector 1, Bucure\u0219ti; cu men\u021biunea \u201cPentru echipa ENLIGHTEN SMILES\u201d sau prin oricare dintre modalit\u0103\u021bile indicate la pagina de Contact a Site-ului. Orice persoane care expediaz\u0103 \u00een orice mod informa\u021bii ori materiale c\u0103tre Site \u00ee\u0219i asum\u0103 obliga\u021bia de a nu prejudicia \u00een nici un mod drepturile de autor pe care o ter\u021b\u0103 persoan\u0103 le-ar putea invoca \u00een leg\u0103tur\u0103 cu materialele \u0219i informa\u021biile transmise \u00een orice mod c\u0103tre Site, iar persoanele care expediaz\u0103 \u00een orice mod informa\u021bii ori materiale \u00een\u021beleg \u0219i accept\u0103 c\u0103 \u00eenc\u0103lcarea \u00een orice mod a acestei obliga\u021bii nu poate angaja \u00een niciun mod r\u0103spunderea Administratorului Site-ului, ci numai r\u0103spunderea persoanelor respective.<\/span><\/p><p><span style=\"text-align: var(--text-align);\">Utilizatorii care expediaz\u0103 \u00een orice mod informa\u021bii ori materiale c\u0103tre Site sunt de acord s\u0103 cedeze exclusiv, pe termen nelimitat \u0219i pe toate teritoriile, \u00een momentul trimiterii acestora c\u0103tre Administratorul Site-ului, toate drepturile de utilizare, adaptare, modificare \u0219i\/sau retransmitere a con\u021binutului cu care contribuie sau posteaz\u0103 pe Site. Administratorul Site-ului nu poate fi considerat responsabil pentru eventualele prejudicii cauzate de con\u021binutul postat sau \u00eenc\u0103rcat pe site sau \u00een oricare din modulele acestuia (cum ar fi, dar far\u0103 a se limita la formularul de comand\u0103 sau miniconsulta\u021bie) pe Site de c\u0103tre orice persoan\u0103, indiferent din ce sec\u021biune, serviciu sau facilitate face parte respectivul con\u021binut. Orice persoane care expediaz\u0103 \u00een orice mod informa\u021bii, comentarii, opinii, ori materiale c\u0103tre Site \u00ee\u0219i asum\u0103 obliga\u021bia de a nu prejudicia \u00een nici un mod pe ceilal\u0163i Utilizatori prin informa\u0163iile, comentariile \u015fi materialele expediate, \u015fi accept\u0103 \u015fi \u00een\u0163eleg c\u0103 ei sunt singurii care pot fi tra\u015fi la r\u0103spundere pentru veridicitatea, validitatea, corectitudinea informa\u0163iilor, comentariilor, opiinilor \u015fi materialelor, incluz\u00e2nd dar f\u0103r\u0103 a se limita la consecin\u0163ele juridice \u00een leg\u0103tur\u0103 cu utilizarea lor. Este strict interzis\u0103 postarea pe Site a oric\u0103rui con\u021binut, incluz\u00e2nd materiale, comentarii, imagini, secven\u021be video, dar f\u0103r\u0103 a se limita la acestea, care au un limbaj obscen sau vulgar, con\u021bin texte ilegale, amenin\u021b\u0103toare, abuzive, indecente, mesaje rasiste, \u0219oviniste ori care ar putea discrimina orice persoane \u00een orice mod, sau care ar \u00eencalca orice alte drepturi \u0219i libert\u0103\u021bi ale omului potrivit legisla\u021biei \u00een vigoare.<\/span><\/p><p><span style=\"text-align: var(--text-align);\">Utilizatorii \u00een\u021beleg \u0219i accept\u0103 c\u0103 \u00een cazul \u00eenc\u0103lc\u0103rii \u00een orice mod \u0219i \u00een orice m\u0103sur\u0103 a oric\u0103rora din prevederile Termenilor \u0219i Condi\u021biilor, Administratorul Site-ului va putea opta \u00een mod discre\u021bionar pentru nepublicarea oric\u0103ruri con\u021binut expediat de Utilizator \u00een vederea post\u0103rii c\u0103tre Site ori pentru modificarea \u00een orice mod a unui asemenea con\u021binut, f\u0103r\u0103 niciun fel de aten\u021bion\u0103ri sau notific\u0103ri prealabile \u0219i far\u0103 a fi necesare orice alte formalit\u0103\u021bi \u00een acest sens. Utilizatorii \u00een\u021beleg \u0219i accept\u0103 c\u0103 Site-ul le ofer\u0103 doar o platform\u0103 de informare \u0219i comunicare \u0219i c\u0103 doar ei singuri r\u0103spund pentru orice materiale, date \u0219i informa\u021bii postate pe Site indiferent de forma \u0219i partea \u00een care apar (de exemplu blog, avatar, comentarii etc., dar f\u0103r\u0103 a se limita la acestea) \u0219i pentru orice efecte juridice \u0219i \/ sau comerciale deriv\u00e2nd din acestea.<\/span><\/p><p><span style=\"text-align: var(--text-align);\"><b>LEG\u0102TURA CU ALTE SITE-URI<\/b><\/span><\/p><p><span style=\"text-align: var(--text-align);\">Utilizatorii \u00een\u021beleg \u0219i accept\u0103 c\u0103 Site-ul poate con\u021bine leg\u0103turi sau trimiteri c\u0103tre alte site-uri de internet, inclusiv site-uri personale (bloguri), site-urile furnizorilor de produse \u0219i\/sau servicii c\u0103tre care trimit bannerele publicitare postate pe Site ori microsite-uri publicitare, dar f\u0103r\u0103 a se limita la acestea, care sunt considerate de Administratorul Site-ului utile \u00een leg\u0103tur\u0103 cu Con\u021binutul Site-ului, dar care nu se afl\u0103 sub controlul sau \u00eendrumarea sa.<\/span><\/p><p><span style=\"text-align: var(--text-align);\">Administratorul Site-ului este absolvit de orice r\u0103spundere \u00een ceea ce prive\u0219te con\u021binutul sau opiniile exprimate pe toate site-urile de internet mai sus men\u021bionate, precum \u0219i corectitudinea \u0219i exactitatea acestora, iar Utilizatorii \u00een\u021beleg \u0219i accept\u0103 c\u0103 aceste site-uri de internet nu sunt monitorizate, controlate sau verificate \u00een orice mod de c\u0103tre Administratorul Site-ului. Includerea unei leg\u0103turi sau trimiteri c\u0103tre alte site-uri de internet nu implic\u0103 aprobarea \u00een vreun fel a acestora de c\u0103tre Administratorul Site-ului. \u00cen momentul \u00een care Utilizatorii acceseaz\u0103 aceste site-uri de internet, ei o fac pe riscul lor, cunosc\u00e2nd c\u0103 utilizarea serviciilor oferite de aceste site-uri este supus\u0103 condi\u021biilor stabilite de administratorii acestor site-uri.<\/span><\/p><p><strong style=\"text-align: var(--text-align);\">LIMITAREA R\u0102SPUNDERII<\/strong><\/p><p><span style=\"text-align: var(--text-align);\">Administratorul Site-ului nu \u00ee\u0219i asum\u0103 obliga\u021bia \u0219i nu garanteaz\u0103 implicit sau expres pentru con\u021binutul de orice fel al Site-ului, sau pentru \u00eentreg con\u021binutul oferit de c\u0103tre Utilizatori. Administratorul Site-ului va face toate eforturile rezonabile pentru a asigura acurate\u021bea \u0219i \u00eencrederea \u00een Site \u0219i va \u00eencerca s\u0103 corecteze erorile \u0219i omisiunile c\u00e2t mai repede posibil.&nbsp;<\/span><\/p><p><span style=\"text-align: var(--text-align);\">Administratorul Site-ului nu ofer\u0103 niciun fel de garan\u021bii sau r\u0103spundere pentru Con\u021binutul Site-ului \u0219i \u00een nicio situa\u021bie nu poate fi f\u0103cut r\u0103spunz\u0103tor pentru nicio pierdere sau prejudiciu ce ar putea rezulta din utilizarea oric\u0103rei p\u0103r\u021bi, secven\u021b\u0103, modul al Con\u021binutului de pe Site sau din imposibilitatea utiliz\u0103rii acestuia, indiferent de cauza acesteia, ori din interpretarea eronat\u0103 a oric\u0103ror prevederi ale Con\u021binutului Site-ului.<\/span><\/p><p><span style=\"text-align: var(--text-align);\">Utilizatorii \u00een\u021beleg \u0219i accept\u0103 c\u0103 func\u021bionarea Site-ului poate fi afectat\u0103 de anumite condi\u021bii obiective, precum \u0219i c\u0103 orice servicii oferite prin intermediul Site-ului sunt oferite potrivit principiului \u201ca\u0219a cum sunt\u201d, \u201ca\u0219a cum sunt disponibile\u201d, iar Utilizatorii folosesc aceste servicii pe riscul lor. \u00cen consecin\u021b\u0103, Administratorul Site-ului nu poate fi tras la r\u0103spundere nici cu privire la orice informa\u021bii \u0219i date din Con\u0163inutul Site-ului, inclusiv dar nu numai cele privind textul, imaginile, secven\u021bele video, avatarurile, blogurile, sau orice alt\u0103 activitate legat\u0103 de utilizarea, precum \u0219i niciun alt efect juridic deriv\u00e2nd din acestea.<\/span><\/p><p><span style=\"text-align: var(--text-align);\">Utilizatorii \u00een\u021beleg \u0219i accept\u0103 c\u0103 Administratorul Site-ului este absolvit de orice r\u0103spundere \u00een eventualitatea producerii oric\u0103rei opriri, \u00eentreruperi, \u00eengreun\u0103ri, disfunctionalita\u021bi sau erori \u00een func\u021bionarea Site-ului precum \u0219i \u00een orice situa\u021bie \u00een care nu ar dovedi cert c\u0103 orice erori sau probleme de natur\u0103 tehnic\u0103 din cele men\u021bionate mai sus se datoreaz\u0103 \u00een mod direct \u0219i exclusiv culpei grave a Administratorului Site-ului.<\/span><\/p><p><span style=\"text-align: var(--text-align);\">\u00cen mod expres, Utilizatorii \u00een\u021beleg \u0219i accept\u0103 c\u0103 Administratorul Site-ului este absolvit de orice r\u0103spundere pentru orice fel de daune directe, indirecte, incluz\u00e2nd dar f\u0103r\u0103 a se limita la pierderi de profit, vad comercial sau alte pierderi intangibile, rezultate din utilizarea Con\u021binutului Site-ului \u00een orice mod sau orice efecte juridice deriv\u00e2nd din aceasta.<\/span><\/p><p><span style=\"text-align: var(--text-align);\">Utilizatorii \u00een\u021beleg \u0219i accept\u0103 c\u0103 Administratorul Site-ului este absolvit de orice r\u0103spundere pentru mesajele publicitare postate pe Site sau prin intermediul Serviciului, precum \u0219i pentru bunurile sau serviciile furnizate de c\u0103tre autorii acestor mesaje publicitare.<\/span><\/p><p><span style=\"text-align: var(--text-align);\">\u00cen cazurile de for\u021b\u0103 major\u0103 Administratorul Site-ului \u0219i \/ sau operatorii, directorii, angaja\u021bii, subunit\u0103\u021bile, sediile secundare \u0219i reprezentan\u021bii s\u0103i, sunt exonera\u0163i total de r\u0103spundere. Cazurile de for\u021b\u0103 major\u0103 includ, dar nu se limiteaz\u0103 la acestea, erori de func\u021bionare ale echipamentului tehnic al Administratorului Site-ului, lipsa func\u021bionarii conexiunii la internet, lipsa func\u021bionarii conexiunilor de telefon, viru\u0219ii informatici, atacurile informatice de orice fel \u0219i interferarea cu programe informatice mali\u021bioase, accesul neautorizat \u00een sistemele Site-ului, erorile de operare, grev\u0103 etc.<\/span><\/p><p>Utilizatorii sunt de acord s\u0103 protejeze, s\u0103 asigure \u0219i desp\u0103gubeasc\u0103 integral pe Administratorul Site-ului \u0219i \/ sau pe operatorii, directorii, angaja\u021bii, subunit\u0103\u021bile, sediile secundare \u0219i reprezentan\u021bii s\u0103i de \u0219i \u00eempotriv\u0103 oric\u0103ror cereri, preten\u021bii, ac\u021biuni, impuneri, pierderi, daune, costuri (incluz\u00e2nd, f\u0103r\u0103 nici un fel de limitare, onorariile avoca\u021bilor, exper\u021bilor \u0219i consultan\u021bilor sau executorilor, taxe judiciare, notariale sau de executare), cheltuieli, judeca\u021bi, decizii, amenzi, regulariz\u0103ri sau alte obliga\u021bii rezultate sau rela\u021bionate cu orice alt\u0103 ac\u021biune a Utilizatorului \u00een leg\u0103tur\u0103 cu utilizarea necorespunz\u0103toare a Serviciului\/Site-ului sau orice alt aspect \u00een leg\u0103tur\u0103 cu Serviciul\/Site-ul.<\/p><p><strong style=\"text-align: var(--text-align);\">LEGEA APLICABIL\u0102. LITIGII<\/strong><\/p><p><span style=\"text-align: var(--text-align);\">Drepturile \u0219i obliga\u021biile Utilizatorilor \u0219i ale Administratorului Site-ului, prev\u0103zute de Termeni \u0219i Condi\u021bii, precum \u0219i toate efectele juridice pe care le produc Termenii \u0219i Condi\u021biile vor fi interpretate \u0219i guvernate \u00een conformitate cu legea rom\u00e2n\u0103 \u00een vigoare. Orice litigiu n\u0103scut din sau \u00een leg\u0103tur\u0103 cu Termenii \u0219i Condi\u021biile va fi solu\u021bionat pe cale amiabil\u0103. \u00cen caz de imposibilitate de a ajunge la un acord, litigiul va fi solu\u021bionat de c\u0103tre instan\u021ba judec\u0103toreasc\u0103 rom\u00e2n\u0103 competent\u0103 aflat\u0103 \u00een raza teritorial\u0103 a municipiului Bucure\u0219ti.<\/span><\/p><p><strong style=\"text-align: var(--text-align);\">MODIFICAREA TERMENILOR SI CONDI\u021aIILOR<\/strong><\/p><p><span style=\"text-align: var(--text-align);\">Administratorul Site-ului are dreptul de a modifica oric\u00e2nd \u0219i \u00een orice mod oricare dintre prevederile din Termeni \u0219i Condi\u021bii sau Termenii \u0219i Condi\u021biile \u00een \u00eentregime, f\u0103r\u0103 nici o notificare prealabil\u0103 \u0219i f\u0103r\u0103 a fi obligat s\u0103 \u00eendeplineasc\u0103 vreo alt\u0103 formalitate fat\u0103 de Utilizatori. Orice modificare va fi considerat\u0103 c\u0103 fiind acceptat\u0103 deplin \u0219i necondi\u021bionat de c\u0103tre oricare dintre Utilizatori prin simpla utilizare sau accesare a oric\u0103rei facilita\u021bi oferite de Site sau de Serviciu, ori prin accesarea Site-ului, intervenite oric\u00e2nd dup\u0103 operarea modific\u0103rii, iar neacceptarea oric\u0103rei modific\u0103ri atrage obliga\u021bia respectivului Utilizator de a \u00eenceta de \u00eendat\u0103 accesarea Site-ului \u0219i \/ sau utilizarea \u00een orice mod a Serviciului.<\/span><\/p>\n<p><!-- \/wp:paragraph --><!-- wp:paragraph --><\/p>\n<p><\/p>\n<p><!-- \/wp:paragraph --><\/p>\t\t\t\t\t\t<\/div>\n\t\t\t\t<\/div>\n\t\t\t\t\t<\/div>\n\t\t\t\t<\/div>\n\t\t\t\t<\/div>\n\t\t","protected":false},"excerpt":{"rendered":"<p>Terms and Conditions GENERAL TERMS This document contains the terms and conditions of use of the website www.enlightensmiles.ro (hereinafter referred to as \u201cTerms and Conditions\u201d) establishing the conditions under which any person may visit or access the website www. enlightensmiles.ro, or may use in any way the services offered through the Website. For the purposes of the Terms and Conditions: \u201cWebsite\u201d hereinafter means the website \u2026<\/p>","protected":false},"author":1,"featured_media":0,"parent":0,"menu_order":0,"comment_status":"closed","ping_status":"closed","template":"blank-builder.php","meta":{"footnotes":""},"class_list":["post-3","page","type-page","status-publish","hentry"],"_links":{"self":[{"href":"https:\/\/enlightensmiles.ro\/en\/wp-json\/wp\/v2\/pages\/3","targetHints":{"allow":["GET"]}}],"collection":[{"href":"https:\/\/enlightensmiles.ro\/en\/wp-json\/wp\/v2\/pages"}],"about":[{"href":"https:\/\/enlightensmiles.ro\/en\/wp-json\/wp\/v2\/types\/page"}],"author":[{"embeddable":true,"href":"https:\/\/enlightensmiles.ro\/en\/wp-json\/wp\/v2\/users\/1"}],"replies":[{"embeddable":true,"href":"https:\/\/enlightensmiles.ro\/en\/wp-json\/wp\/v2\/comments?post=3"}],"version-history":[{"count":8,"href":"https:\/\/enlightensmiles.ro\/en\/wp-json\/wp\/v2\/pages\/3\/revisions"}],"predecessor-version":[{"id":2946,"href":"https:\/\/enlightensmiles.ro\/en\/wp-json\/wp\/v2\/pages\/3\/revisions\/2946"}],"wp:attachment":[{"href":"https:\/\/enlightensmiles.ro\/en\/wp-json\/wp\/v2\/media?parent=3"}],"curies":[{"name":"wp","href":"https:\/\/api.w.org\/{rel}","templated":true}]}}