{"id":2991,"date":"2024-03-28T14:26:13","date_gmt":"2024-03-28T12:26:13","guid":{"rendered":"https:\/\/enlightensmiles.ro\/?page_id=2991"},"modified":"2024-03-28T14:35:03","modified_gmt":"2024-03-28T12:35:03","slug":"politica-de-confidentialitate","status":"publish","type":"page","link":"https:\/\/enlightensmiles.ro\/en\/politica-de-confidentialitate\/","title":{"rendered":"Privacy policy"},"content":{"rendered":"\t\t<div data-elementor-type=\"wp-page\" data-elementor-id=\"2991\" class=\"elementor elementor-2991\">\n\t\t\t\t<div class=\"elementor-element elementor-element-93ac8f9 e-flex e-con-boxed e-con e-parent\" data-id=\"93ac8f9\" data-element_type=\"container\">\n\t\t\t\t\t<div class=\"e-con-inner\">\n\t\t\t\t<div class=\"elementor-element elementor-element-64f9f92 elementor-widget elementor-widget-heading\" data-id=\"64f9f92\" data-element_type=\"widget\" data-widget_type=\"heading.default\">\n\t\t\t\t<div class=\"elementor-widget-container\">\n\t\t\t<style>\/*! elementor - v3.21.0 - 26-05-2024 *\/\n.elementor-heading-title{padding:0;margin:0;line-height:1}.elementor-widget-heading .elementor-heading-title[class*=elementor-size-]>a{color:inherit;font-size:inherit;line-height:inherit}.elementor-widget-heading .elementor-heading-title.elementor-size-small{font-size:15px}.elementor-widget-heading .elementor-heading-title.elementor-size-medium{font-size:19px}.elementor-widget-heading .elementor-heading-title.elementor-size-large{font-size:29px}.elementor-widget-heading .elementor-heading-title.elementor-size-xl{font-size:39px}.elementor-widget-heading .elementor-heading-title.elementor-size-xxl{font-size:59px}<\/style><h2 class=\"elementor-heading-title elementor-size-default\">Politica de Confiden\u021bialitate<\/h2>\t\t<\/div>\n\t\t\t\t<\/div>\n\t\t\t\t<div class=\"elementor-element elementor-element-b90fb6a elementor-widget elementor-widget-text-editor\" data-id=\"b90fb6a\" data-element_type=\"widget\" data-widget_type=\"text-editor.default\">\n\t\t\t\t<div class=\"elementor-widget-container\">\n\t\t\t<style>\/*! elementor - v3.21.0 - 26-05-2024 *\/\n.elementor-widget-text-editor.elementor-drop-cap-view-stacked .elementor-drop-cap{background-color:#69727d;color:#fff}.elementor-widget-text-editor.elementor-drop-cap-view-framed .elementor-drop-cap{color:#69727d;border:3px solid;background-color:transparent}.elementor-widget-text-editor:not(.elementor-drop-cap-view-default) .elementor-drop-cap{margin-top:8px}.elementor-widget-text-editor:not(.elementor-drop-cap-view-default) .elementor-drop-cap-letter{width:1em;height:1em}.elementor-widget-text-editor .elementor-drop-cap{float:left;text-align:center;line-height:1;font-size:50px}.elementor-widget-text-editor .elementor-drop-cap-letter{display:inline-block}<\/style>\t\t\t\t<p>\u00a0<\/p><p>V\u0103 mul\u021bumim pentru interesul acordat serviciilor ENLIGHTEN SMILES !<\/p><p>ENLIGHTEN SMILES \u00a0se angajeaz\u0103 s\u0103 ofere un nivel corespunz\u0103tor regulilor GDPR de confiden\u021bialitate, disponibilitate \u0219i integritate a datelor cu caracter personal aferente oric\u0103rei persoane vizate prin ac\u021biunile noastre de prest\u0103ri servicii \u0219i de marketing.<\/p><p>ENLIGHTEN SMILES \u00a0proceseaz\u0103 \u0219i stocheaz\u0103 date cu caracter personal \u00een UE, aceste prelucr\u0103ri fiind \u00een conformitate cu regulile GDPR.<\/p><p>Aceast\u0103 declara\u021bie de confiden\u021bialitate explic\u0103 tipurile de informa\u021bii pe care le colect\u0103m de la clien\u021bi sau de la poten\u021biali clien\u021bi \u0219i modul \u00een care utiliz\u0103m aceste informa\u021bii.<\/p><p><strong>Principii<\/strong><\/p><p>Politica de protejare a datelor \u00een ENLIGHTEN SMILES \u00a0se bazeaz\u0103 pe urm\u0103toarele principii de protec\u021bie a datelor:<\/p><ul><li>Procesarea datelor personale se va face \u00eentr-o manier\u0103 legal\u0103, corect\u0103 \u0219i transparent\u0103;<\/li><li>Colectarea datelor personale se va face numai \u00een scopuri specificate, explicite \u0219i legitime iar datele nu vor fi procesate mai departe \u00eentr-o manier\u0103 incompatibil\u0103 cu acele scopuri;<\/li><li>Colectarea datelor personale va fi adecvat\u0103, relevant\u0103 \u0219i limitat\u0103 la informa\u021biile necesare scopului proces\u0103rii;<\/li><li>Datele personale vor fi corecte \u0219i, acolo unde este necesar, actualizate;<\/li><li>Se vor lua toate m\u0103surile necesare pentru a se asigura c\u0103 datele incorecte sunt \u0219terse sau corectate far\u0103 \u00eent\u00e2rziere;<\/li><li>Datele personale vor fi p\u0103strate \u00eentr-o form\u0103 ce permite identificarea persoanei vizate \u0219i pentru o perioad\u0103 nu mai lung\u0103 dec\u00e2t cea \u00een care datele personale sunt procesate;<\/li><li>Toate datele personale vor fi p\u0103strate confiden\u021bial \u0219i stocate \u00eentr-o manier\u0103 ce asigur\u0103 securitatea necesar\u0103;<\/li><li>Datele personale nu vor fi distribuite persoanelor ter\u021be dec\u00e2t \u00een cazul \u00een care este necesar \u00een scopul oferirii de servicii conform acordurilor;<\/li><li>Persoanele vizate au dreptul de a solicita accesul la datele personale, rectificarea \u0219i \u0219tergerea acestora, \u00eempotrivirea sau restrictionarea de la procesarea datelor at\u00e2t c\u00e2t \u0219i de la dreptul portabilita\u021bii datelor cu limit\u0103rile ce decurg din legile care guverneaz\u0103 domeniul s\u0103n\u0103t\u0103\u021bii.<\/li><\/ul><p>\u00a0<\/p><p><strong>Datele personale<\/strong><\/p><p>Date personale \u00eenseamn\u0103 orice informa\u021bie care poate fi legat\u0103 de o persoan\u0103 fizic\u0103 identificat\u0103 sau identificabil\u0103. Datele personale includ toate tipurile de informa\u021bii directe sau indirecte, cum ar fi nume, email, telefon, dat\u0103 de na\u0219tere, istoric medical etc.<\/p><p><strong>Colectarea datelor personale<\/strong><\/p><p>Utilizatorii site-ului nostru care doresc s\u0103 beneficieze de serviciile sau de informa\u021biile noastre pot fi ruga\u021bi s\u0103 pun\u0103 la dispozi\u021bie datele personale pentru c\u0103 ENLIGHTEN SMILES \u00a0s\u0103 \u00ee\u0219i poat\u0103 \u00eembun\u0103t\u0103\u021bi serviciile.<\/p><p>Putem colecta date precum: Nume, email, telefon, zi de na\u0219tere \u0219i adres\u0103 fizica.<\/p><p>De asemenea, \u00een timpul utiliz\u0103rii site-ului ENLIGHTEN SMILES .ro, sunt colectate de c\u0103tre societatea noastr\u0103 date referitoare la istoricul c\u0103ut\u0103rilor Dvs., respectiv: articole citite, pagini vizitate, etc. Totodat\u0103, cu ajutorul unor coduri de tracking instalate pe site-ul nostru de la diver\u0219i furnizori de servicii de analize \u0219i statistici, sunt colectate date precum adresa de ip, durata de utilizare a paginii, paginile vizitate.<\/p><p>Toate aceste informa\u021bii colectate au ca scop exclusiv optimizarea \u0219i \u00eembun\u0103t\u0103\u021birea func\u021bionarii site-ului noastru, astfel \u00eenc\u00e2t s\u0103 v\u0103 oferim o experien\u021b\u0103 c\u00e2t mai pl\u0103cut\u0103 cu ocazia utiliz\u0103rii acestuia.<\/p><p><strong>Cine are acces la datele dvs.?<\/strong><\/p><p>V\u0103 aducem la cuno\u0219tin\u021b\u0103 c\u0103 utiliz\u0103m diferite servicii de la furnizori externi sau interni (\u201dpersoane \u00eemputernicite de operator\u201d), c\u0103rora le putem transmite o parte din datele cu caracter personal colectate de la Dvs., cu men\u021biunea expres\u0103 c\u0103 vom apela doar la persoane \u00eemputernicite care ofer\u0103 garan\u021bii suficiente pentru punerea \u00een aplicare a unor m\u0103suri tehnice \u0219i organizatorice adecvate, astfel \u00eenc\u00e2t prelucrarea s\u0103 respecte cerin\u021bele prev\u0103zute \u00een Regulament \u0219i s\u0103 asigure protec\u021bia drepturilor Dvs. Categoriile de servicii pentru care colabor\u0103m cu furnizorii mai sus men\u021biona\u021bi \u0219i datele cu caracter personal transferate acestora sunt urm\u0103toarele:<\/p><ol><li>Servicii SMTP (comunicare email) \u2013 adresa de e-mail;<\/li><li>Servicii newsletter \u2013 adresa de e-mail, nume, prenume, num\u0103r de telefon;<\/li><li>Servicii de facturare \u2013 nume, prenume, adresa de e-mail, num\u0103r de telefon, adresa;<\/li><li>Servicii de curierat\/post\u0103 \u2013 nume, prenume, adresa de e-mail, num\u0103r de telefon, adresa;<\/li><li>Servicii de trimite SMS \u2013 num\u0103rul de telefon;<\/li><li>Servicii de procesare pl\u0103\u021bi online \u2013 nume, prenume, adresa de e-mail, num\u0103r de telefon, adresa;<\/li><li>Servicii de comentarii \u2013 nume, prenume, e-mail;<\/li><li>Servicii de contabilitate \u2013 nume, prenume, adresa;<\/li><li>Servicii juridice \u2013 nume, prenume, adresa;<\/li><\/ol><p>\u00a0<\/p><p><strong>C\u00e2t timp sunt stocate datele dvs.?<\/strong><\/p><p>Datele cu caracter personal furnizate de Dvs. vor fi prelucrate pe perioada derul\u0103rii rela\u021biilor contractuale cu Dvs., precum \u0219i ulterior, pentru o durat\u0103 rezonabil\u0103, care nu poate fi mai scurt\u0103 dec\u00e2t termenul general de prescrip\u021bie.<\/p><p><strong>Care sunt drepturile Dvs.?<\/strong><\/p><p>\u00cen calitate de persoan\u0103 vizat\u0103, ave\u021bi urm\u0103toarele drepturi:<\/p><ul><li>dreptul de acces la date \u2013 ave\u021bi dreptul de a ob\u021bine din partea ENLIGHTEN SMILES o confirmare c\u0103 se prelucreaz\u0103 sau nu date cu caracter personal care v\u0103 privesc, precum \u0219i acces la datele respective; totodat\u0103, pute\u021bi ob\u021bine o copie a datelor cu caracter personal furnizate societ\u0103\u021bii noastre \u0219i care fac obiectul prelucr\u0103rii. ENLIGHTEN SMILES poate percepe o tax\u0103 rezonabil\u0103, bazat\u0103 pe costurile administrative. Informa\u021biile v\u0103 vor fi furnizate \u00eentr-un format electronic utilizat \u00een mod curent.<\/li><li>dreptul la rectificare \u2013 ave\u021bi dreptul de a ob\u021bine rectificarea de c\u0103tre ENLIGHTEN SMILES a datelor cu caracter personal inexacte, precum \u0219i dreptul de a ob\u021bine completarea datelor cu caracter personal care sunt incomplete. ENLIGHTEN SMILES v\u0103 va comunica orice rectificare a datelor cu caracter personal, cu excep\u021bia cazului \u00een care acest lucru se dovede\u0219te imposibil sau presupune eforturi dispropor\u021bionate \u0219i v\u0103 va informa cu privire la acest lucru.<\/li><li>dreptul la \u0219tergerea datelor \u2013 ave\u021bi dreptul de a ob\u021bine din partea ENLIGHTEN SMILES \u0219tergerea datelor cu caracter personal care v\u0103 privesc, far\u0103 \u00eent\u00e2rzieri nejustificate, iar ENLIGHTEN SMILES are obliga\u021bia de a \u0219terge datele respective. ENLIGHTEN SMILES A v\u0103 va comunica personal orice \u0219tergere a datelor cu caracter personal, cu excep\u021bia cazului \u00een care acest lucru se dovede\u0219te imposibil sau presupune eforturi dispropor\u021bionate \u0219i v\u0103 va informa cu privire la acest lucru.<\/li><li>dreptul la restric\u021bionarea prelucr\u0103rii \u2013 ave\u021bi dreptul de a ob\u021bine din partea ENLIGHTEN SMILES restrictionarea prelucr\u0103rii. ENLIGHTEN SMILES \u00a0CLINIC SA v\u0103 va comunica orice restric\u021bionare a prelucr\u0103rii datelor dvs., cu excep\u021bia cazului \u00een care acest lucru se dovede\u0219te imposibil sau presupune eforturi dispropor\u021bionate \u0219i v\u0103 va informa cu privire la acest lucru.<\/li><li>dreptul la portabilitatea datelor \u2013 ave\u021bi dreptul de a primi datele Dvs. cu caracter personal, astfel cum acestea au fost furnizate c\u0103tre ENLIGHTEN SMILES \u00eentr-un format structurat, utilizat \u00een mod curent \u0219i care poate fi citit automat \u0219i de a transmite aceste date altui operator, atunci c\u00e2nd acest lucru este fezabil din punct de vedere tehnic;<\/li><li>dreptul la opozi\u021bie \u2013 ave\u021bi dreptul de a v\u0103 opune, din motive legate de situa\u021bia particular\u0103 \u00een care v\u0103 afla\u021bi, \u00een orice moment, prelucr\u0103rii datelor Dvs. cu caracter personal, inclusiv cre\u0103rii de profiluri pe baza respectivelor dispozi\u021bii;<\/li><li>dreptul de a nu face obiectul unei decizii bazate exclusiv pe prelucrarea automat\u0103, inclusiv crearea de profiluri;<\/li><li>dreptul de a depune o pl\u00e2ngere \u00een fa\u021ba Autorit\u0103\u021bii Na\u021bionale de Supraveghere a Prelucr\u0103rii Datelor cu Caracter Personal;<\/li><li>dreptul de a v\u0103 retrage consim\u021b\u0103m\u00e2ntul \u00een orice moment, far\u0103 a afecta legalitatea prelucr\u0103rii datelor cu caracter personal efectuate de ENLIGHTEN SMILES pe baza consim\u021b\u0103m\u00e2ntului \u00eenainte de retragerea acestuia.<\/li><\/ul><p>\u00a0<\/p><p><strong>Cum ave\u021bi acces la datele dvs.?<\/strong><\/p><p>Pentru orice \u00eentreb\u0103ri sau cereri referitoare la datele cu caracter personal pe care ni le-a\u021bi transmis, inclusiv \u00een vederea exercit\u0103rii drepturilor pe care le ave\u021bi, astfel cum sunt acestea men\u021bionate \u00een cadrul sec\u021biunii anterioare, ne pute\u021bi contacta la adresa: ENLIGHTEN SMILES , Str. Amiral Horia Macelariu nr. 55, sector 1, Bucure\u0219ti, sau la email: info@enlightensmiles.ro<\/p><p>ENLIGHTEN SMILES v\u0103 va furniza informa\u021biile solicitate \u00een format electronic atunci c\u00e2nd este posibil, cu excep\u021bia cazului \u00een care solicita\u021bi un alt format.<\/p><p>Informa\u021biile furnizate, precum \u0219i orice comunicare \u0219i m\u0103suri luate \u00een exercitarea de c\u0103tre Dvs. a drepturilor de mai sus sunt oferite de ENLIGHTEN SMILES gratuit. Cu toate acestea, \u00een cazul \u00een care cererile formulate de Dvs. sunt nefondate sau excesive, \u00een special din cauza caracterului lor repetitiv, ENLIGHTEN SMILES \u00a0poate:<\/p><ul><li>fie s\u0103 perceap\u0103 o tax\u0103, \u021bin\u00e2nd cont de costurile administrative pentru furnizarea informa\u021biilor sau a comunic\u0103rii sau pentru luarea m\u0103surilor solicitate;<\/li><li>fie s\u0103 refuze s\u0103 dea curs cererii.<\/li><\/ul><p>Preciz\u0103m faptul c\u0103 prin acceptarea acestui acord, datele Dvs. personale vor fi prelucrate de ENLIGHTEN SMILES, conform prezentei Politici de Prelucrare a Datelor.<\/p><p>Datele de contact ale persoanei responsabile cu protec\u021bia datelor (denumit\u0103 \u0219i \u201eDPO\u201d, en. Data Protection Officer) \u00een cadrul ENLIGHTEN SMILES \u00a0\u0219i pe care o ve\u021bi putea contacta \u00een leg\u0103tur\u0103 cu orice aspecte referitoare la protec\u021bia datelor dumneavoastr\u0103 cu caracter personal:<\/p><ul><li>Nume: Sara Adumitroaei<\/li><li>Telefon: 0799 993 259<\/li><li>E-mail: info@enlightensmiles.ro<\/li><\/ul>\t\t\t\t\t\t<\/div>\n\t\t\t\t<\/div>\n\t\t\t\t\t<\/div>\n\t\t\t\t<\/div>\n\t\t\t\t<\/div>\n\t\t","protected":false},"excerpt":{"rendered":"<p>Privacy Policy Thank you for your interest in ENLIGHTEN SMILES services! ENLIGHTEN SMILES is committed to providing a level of confidentiality, availability and integrity of personal data related to any person targeted by our service provision and marketing actions in accordance with the GDPR. ENLIGHTEN SMILES processes and stores personal data in the EU, this processing \u2026<\/p>","protected":false},"author":1,"featured_media":0,"parent":0,"menu_order":0,"comment_status":"closed","ping_status":"closed","template":"blank-builder.php","meta":{"footnotes":""},"class_list":["post-2991","page","type-page","status-publish","hentry"],"_links":{"self":[{"href":"https:\/\/enlightensmiles.ro\/en\/wp-json\/wp\/v2\/pages\/2991","targetHints":{"allow":["GET"]}}],"collection":[{"href":"https:\/\/enlightensmiles.ro\/en\/wp-json\/wp\/v2\/pages"}],"about":[{"href":"https:\/\/enlightensmiles.ro\/en\/wp-json\/wp\/v2\/types\/page"}],"author":[{"embeddable":true,"href":"https:\/\/enlightensmiles.ro\/en\/wp-json\/wp\/v2\/users\/1"}],"replies":[{"embeddable":true,"href":"https:\/\/enlightensmiles.ro\/en\/wp-json\/wp\/v2\/comments?post=2991"}],"version-history":[{"count":4,"href":"https:\/\/enlightensmiles.ro\/en\/wp-json\/wp\/v2\/pages\/2991\/revisions"}],"predecessor-version":[{"id":2996,"href":"https:\/\/enlightensmiles.ro\/en\/wp-json\/wp\/v2\/pages\/2991\/revisions\/2996"}],"wp:attachment":[{"href":"https:\/\/enlightensmiles.ro\/en\/wp-json\/wp\/v2\/media?parent=2991"}],"curies":[{"name":"wp","href":"https:\/\/api.w.org\/{rel}","templated":true}]}}