{"id":1363,"date":"2023-09-24T08:19:58","date_gmt":"2023-09-24T08:19:58","guid":{"rendered":"https:\/\/wpswak.themescamp.com\/inner-pages\/?page_id=1363"},"modified":"2024-04-12T21:57:43","modified_gmt":"2024-04-12T18:57:43","slug":"tratament","status":"publish","type":"page","link":"https:\/\/enlightensmiles.ro\/en\/tratament\/","title":{"rendered":"Treatment"},"content":{"rendered":"\t\t<div data-elementor-type=\"wp-page\" data-elementor-id=\"1363\" class=\"elementor elementor-1363\">\n\t\t\t\t\t\t<section class=\"elementor-section elementor-top-section elementor-element elementor-element-6ad6872 elementor-section-full_width elementor-section-height-default elementor-section-height-default swak-header-absolute-off\" data-id=\"6ad6872\" data-element_type=\"section\" data-settings=\"{&quot;background_background&quot;:&quot;classic&quot;,&quot;enable_header_absolute&quot;:&quot;off&quot;}\">\n\t\t\t\t\t\t<div class=\"elementor-container elementor-column-gap-default\">\n\t\t\t\t\t<div class=\"elementor-column elementor-col-100 elementor-top-column elementor-element elementor-element-cc1e4ee\" data-id=\"cc1e4ee\" data-element_type=\"column\" data-settings=\"{&quot;animation&quot;:&quot;none&quot;}\">\n\t\t\t<div class=\"elementor-widget-wrap elementor-element-populated\">\n\t\t\t\t\t\t<div class=\"elementor-element elementor-element-2cf52ad animated-slow elementor-invisible elementor-widget elementor-widget-swak-heading\" data-id=\"2cf52ad\" data-element_type=\"widget\" data-settings=\"{&quot;_animation&quot;:&quot;fadeInUp&quot;}\" data-widget_type=\"swak-heading.default\">\n\t\t\t\t<div class=\"elementor-widget-container\">\n\t\t\t\t\t<div class=\"swak-heading-title \">\r\n\t\t<h2 class=\"swak-heading\"> Tratamentul  <\/h2>\t\t<\/div>\r\n\t\t\t\t<\/div>\n\t\t\t\t<\/div>\n\t\t\t\t<div class=\"elementor-element elementor-element-4e31e0c animated-slow elementor-invisible elementor-widget elementor-widget-image\" data-id=\"4e31e0c\" data-element_type=\"widget\" data-settings=\"{&quot;_animation&quot;:&quot;fadeInUp&quot;}\" data-widget_type=\"image.default\">\n\t\t\t\t<div class=\"elementor-widget-container\">\n\t\t\t<style>\/*! elementor - v3.21.0 - 26-05-2024 *\/\n.elementor-widget-image{text-align:center}.elementor-widget-image a{display:inline-block}.elementor-widget-image a img[src$=\".svg\"]{width:48px}.elementor-widget-image img{vertical-align:middle;display:inline-block}<\/style>\t\t\t\t\t\t\t\t\t\t<img fetchpriority=\"high\" decoding=\"async\" width=\"1024\" height=\"683\" src=\"https:\/\/enlightensmiles.ro\/wp-content\/uploads\/2024\/03\/Evo4-images-044-1-1024x683.jpg\" class=\"attachment-large size-large wp-image-3171\" alt=\"\" \/>\t\t\t\t\t\t\t\t\t\t\t\t\t<\/div>\n\t\t\t\t<\/div>\n\t\t\t\t\t<\/div>\n\t\t<\/div>\n\t\t\t\t\t<\/div>\n\t\t<\/section>\n\t\t\t\t<section class=\"elementor-section elementor-top-section elementor-element elementor-element-dae041b elementor-section-boxed elementor-section-height-default elementor-section-height-default swak-header-absolute-off\" data-id=\"dae041b\" data-element_type=\"section\" data-settings=\"{&quot;background_background&quot;:&quot;classic&quot;,&quot;enable_header_absolute&quot;:&quot;off&quot;}\">\n\t\t\t\t\t\t<div class=\"elementor-container elementor-column-gap-default\">\n\t\t\t\t\t<div class=\"elementor-column elementor-col-100 elementor-top-column elementor-element elementor-element-722d2de\" data-id=\"722d2de\" data-element_type=\"column\">\n\t\t\t<div class=\"elementor-widget-wrap elementor-element-populated\">\n\t\t\t\t\t\t<div class=\"elementor-element elementor-element-9a392c9 elementor-widget elementor-widget-swak-process-steps\" data-id=\"9a392c9\" data-element_type=\"widget\" data-widget_type=\"swak-process-steps.default\">\n\t\t\t\t<div class=\"elementor-widget-container\">\n\t\t\t\t   <div class=\"swak-process-steps\" >\r\n\t\t    <div class=\"row\">\r\n\t\t   \t\t \r\n\r\n                        <div class=\"col-lg-12 mt-30\">\r\n                            <div class=\"step-card\">\r\n                                <div class=\"img img-cover\">\r\n                                    <img decoding=\"async\" src=\"https:\/\/enlightensmiles.ro\/wp-content\/uploads\/2024\/03\/Evo4-images-045.jpg\" alt=\"\">\r\n                                    <span class=\"num sub_font\">01 <\/span>\r\n                                <\/div>\r\n                                <div class=\"info \">\r\n                                    <h5 class=\"fsz-24 lh-4\">PASUL 01 - Alegerea Enlighten <\/h5>\r\n                                <\/div>\r\n                            <\/div>\r\n                        <\/div>\r\n\t\t\t\t\t\t            <\/div>\r\n        <\/div>\r\n          \r\n\t\t \r\n        \r\n\t    \t\t<\/div>\n\t\t\t\t<\/div>\n\t\t\t\t<div class=\"elementor-element elementor-element-f1678ee elementor-widget elementor-widget-text-editor\" data-id=\"f1678ee\" data-element_type=\"widget\" data-widget_type=\"text-editor.default\">\n\t\t\t\t<div class=\"elementor-widget-container\">\n\t\t\t<style>\/*! elementor - v3.21.0 - 26-05-2024 *\/\n.elementor-widget-text-editor.elementor-drop-cap-view-stacked .elementor-drop-cap{background-color:#69727d;color:#fff}.elementor-widget-text-editor.elementor-drop-cap-view-framed .elementor-drop-cap{color:#69727d;border:3px solid;background-color:transparent}.elementor-widget-text-editor:not(.elementor-drop-cap-view-default) .elementor-drop-cap{margin-top:8px}.elementor-widget-text-editor:not(.elementor-drop-cap-view-default) .elementor-drop-cap-letter{width:1em;height:1em}.elementor-widget-text-editor .elementor-drop-cap{float:left;text-align:center;line-height:1;font-size:50px}.elementor-widget-text-editor .elementor-drop-cap-letter{display:inline-block}<\/style>\t\t\t\t<p>Folosi\u021bi sistemul nostru na\u021bional de c\u0103utare pentru stomatologi pentru a g\u0103si un specialist calificat \u0219i acreditat \u00een zona dvs. La prima \u00eent\u00e2lnire, ei vor lua o amprent\u0103 a din\u021bilor dvs., permi\u021b\u00e2ndu-ne s\u0103 v\u0103 oferim o gutier\u0103 personalizat\u0103, proiectat\u0103 \u0219i fabricat\u0103 digital pentru precizie laser, confort excelent \u0219i rezultate uniforme.<\/p>\t\t\t\t\t\t<\/div>\n\t\t\t\t<\/div>\n\t\t\t\t<div class=\"elementor-element elementor-element-6155bda elementor-widget elementor-widget-swak-process-steps\" data-id=\"6155bda\" data-element_type=\"widget\" data-widget_type=\"swak-process-steps.default\">\n\t\t\t\t<div class=\"elementor-widget-container\">\n\t\t\t\t   <div class=\"swak-process-steps\" >\r\n\t\t    <div class=\"row\">\r\n\t\t   \t\t \r\n\r\n                        <div class=\"col-lg-12 mt-30\">\r\n                            <div class=\"step-card\">\r\n                                <div class=\"img img-cover\">\r\n                                    <img decoding=\"async\" src=\"https:\/\/enlightensmiles.ro\/wp-content\/uploads\/2024\/03\/Evo4-images-066-scaled.jpg\" alt=\"\">\r\n                                    <span class=\"num sub_font\">02<\/span>\r\n                                <\/div>\r\n                                <div class=\"info \">\r\n                                    <h5 class=\"fsz-24 lh-4\">PASUL 02 - Albirea Enlighten <\/h5>\r\n                                <\/div>\r\n                            <\/div>\r\n                        <\/div>\r\n\t\t\t\t\t\t            <\/div>\r\n        <\/div>\r\n          \r\n\t\t \r\n        \r\n\t    \t\t<\/div>\n\t\t\t\t<\/div>\n\t\t\t\t<div class=\"elementor-element elementor-element-56af671 elementor-widget elementor-widget-text-editor\" data-id=\"56af671\" data-element_type=\"widget\" data-widget_type=\"text-editor.default\">\n\t\t\t\t<div class=\"elementor-widget-container\">\n\t\t\t\t\t\t\t<p>Folosi\u021bi gutiera personalizat\u0103 acas\u0103, \u00eenc\u0103rcat\u0103 cu gel. Ingredientele active vor penetra smal\u021bul dentar \u00een timpul somnului, oferind o str\u0103lucire profund\u0103 \u0219i durabil\u0103. Doar trei s\u0103pt\u0103m\u00e2ni sunt suficiente pentru a atinge nuan\u021ba VITA B1 \u0219i dincolo de ea. Cu noua noastr\u0103 formul\u0103 Evo4 \u00eembun\u0103t\u0103\u021bit\u0103, nu mai este necesar s\u0103 v\u0103 \u00eentoarce\u021bi la stomatolog pentru un ultima parte a tratamentului, \u0219edin\u021ba de o or\u0103 \u00een cabinet.<\/p>\t\t\t\t\t\t<\/div>\n\t\t\t\t<\/div>\n\t\t\t\t<div class=\"elementor-element elementor-element-dfd00a8 elementor-widget elementor-widget-swak-process-steps\" data-id=\"dfd00a8\" data-element_type=\"widget\" data-widget_type=\"swak-process-steps.default\">\n\t\t\t\t<div class=\"elementor-widget-container\">\n\t\t\t\t   <div class=\"swak-process-steps\" >\r\n\t\t    <div class=\"row\">\r\n\t\t   \t\t \r\n\r\n                        <div class=\"col-lg-12 mt-30\">\r\n                            <div class=\"step-card\">\r\n                                <div class=\"img img-cover\">\r\n                                    <img decoding=\"async\" src=\"https:\/\/enlightensmiles.ro\/wp-content\/uploads\/2024\/03\/Evo4-images-052-scaled.jpg\" alt=\"\">\r\n                                    <span class=\"num sub_font\">03<\/span>\r\n                                <\/div>\r\n                                <div class=\"info \">\r\n                                    <h5 class=\"fsz-24 lh-4\">PASUL 03 - \u00centre\u021binerea Enlighten  <\/h5>\r\n                                <\/div>\r\n                            <\/div>\r\n                        <\/div>\r\n\t\t\t\t\t\t            <\/div>\r\n        <\/div>\r\n          \r\n\t\t \r\n        \r\n\t    \t\t<\/div>\n\t\t\t\t<\/div>\n\t\t\t\t<div class=\"elementor-element elementor-element-41d2105 elementor-widget elementor-widget-text-editor\" data-id=\"41d2105\" data-element_type=\"widget\" data-widget_type=\"text-editor.default\">\n\t\t\t\t<div class=\"elementor-widget-container\">\n\t\t\t\t\t\t\t<p>Folosi\u021bi gutiera personalizat\u0103 acas\u0103, \u00eenc\u0103rcat\u0103 cu gel. Ingredientele active vor penetra smal\u021bul dentar \u00een timpul somnului, oferind o str\u0103lucire profund\u0103 \u0219i durabil\u0103. Doar trei s\u0103pt\u0103m\u00e2ni sunt suficiente pentru a atinge nuan\u021ba VITA B1 \u0219i dincolo de ea. Cu noua noastr\u0103 formul\u0103 Evo4 \u00eembun\u0103t\u0103\u021bit\u0103, nu mai este necesar s\u0103 v\u0103 \u00eentoarce\u021bi la stomatolog pentru un ultima parte a tratamentului, \u0219edin\u021ba de o or\u0103 \u00een cabinet.<\/p>\t\t\t\t\t\t<\/div>\n\t\t\t\t<\/div>\n\t\t\t\t\t<\/div>\n\t\t<\/div>\n\t\t\t\t\t<\/div>\n\t\t<\/section>\n\t\t\t\t<section class=\"elementor-section elementor-top-section elementor-element elementor-element-60cb1dd elementor-section-boxed elementor-section-height-default elementor-section-height-default swak-header-absolute-off\" data-id=\"60cb1dd\" data-element_type=\"section\" data-settings=\"{&quot;background_background&quot;:&quot;classic&quot;,&quot;enable_header_absolute&quot;:&quot;off&quot;}\">\n\t\t\t\t\t\t<div class=\"elementor-container elementor-column-gap-default\">\n\t\t\t\t\t<div class=\"elementor-column elementor-col-100 elementor-top-column elementor-element elementor-element-3608481\" data-id=\"3608481\" data-element_type=\"column\">\n\t\t\t<div class=\"elementor-widget-wrap elementor-element-populated\">\n\t\t\t\t\t\t<div class=\"elementor-element elementor-element-ebba5f9 elementor-widget elementor-widget-Swak-text-editor\" data-id=\"ebba5f9\" data-element_type=\"widget\" data-widget_type=\"Swak-text-editor.default\">\n\t\t\t\t<div class=\"elementor-widget-container\">\n\t\t\t\t\t<div class=\"swak-text-editor \">\r\n\t\t\t\t\t\t\t\t\t\t\t<div class=\"elementor-text-editor elementor-clearfix\">\r\n\t\t\t\t\t\t\t\t\t\t<p>recenzii<\/p>\t\t\t\t\t\t\t\t\t<\/div>\r\n\t\t\r\n\t\t\t\t\t<\/div>\r\n\t\t\t\t<\/div>\n\t\t\t\t<\/div>\n\t\t\t\t<div class=\"elementor-element elementor-element-5540f75 elementor-widget elementor-widget-swak-heading\" data-id=\"5540f75\" data-element_type=\"widget\" data-widget_type=\"swak-heading.default\">\n\t\t\t\t<div class=\"elementor-widget-container\">\n\t\t\t\t\t<div class=\"swak-heading-title \">\r\n\t\t<h2 class=\"swak-heading\">Z\u00e2mbetele Enlighten Smiles<\/h2>\t\t<\/div>\r\n\t\t\t\t<\/div>\n\t\t\t\t<\/div>\n\t\t\t\t<div class=\"elementor-element elementor-element-6e81cc6 elementor-widget elementor-widget-swak-testimonials-cards-slider\" data-id=\"6e81cc6\" data-element_type=\"widget\" data-widget_type=\"swak-testimonials-cards-slider.default\">\n\t\t\t\t<div class=\"elementor-widget-container\">\n\t\t\t\t   \t<div class=\"swak-testimonials-cards-slider\" \r\n            data-slidesperview=\"2\"\r\n            data-spacebetween=\"50\"\r\n            data-speed=\"1\"\r\n            data-delay=\"6\"\r\n            data-loop=\"\"\r\n        >\r\n\t\t    <div class=\"swiper-wrapper\">\r\n\t\t   \t\t                        <div class=\"swiper-slide\">\r\n\t\t\t\t\t\t\t<div class=\"swak-testis-card\">\r\n\t\t\t\t\t\t\t\t<div class=\"row gx-0\">\r\n\t\t\t\t\t\t\t\t\t<div class=\"col-lg-4\">\r\n\t\t\t\t\t\t\t\t\t\t<div class=\"img-side\">\r\n\t\t\t\t\t\t\t\t\t\t\t<div class=\"stars\">  \r\n\t\t\t\t\t\t\t\t\t\t\t\t<i class=\"fas fa-star\"><\/i>\r\n\t\t\t\t\t\t\t\t\t\t\t\t<i class=\"fas fa-star\"><\/i>\r\n\t\t\t\t\t\t\t\t\t\t\t\t<i class=\"fas fa-star\"><\/i>\r\n\t\t\t\t\t\t\t\t\t\t\t\t<i class=\"fas fa-star\"><\/i>\r\n\t\t\t\t\t\t\t\t\t\t\t\t<i class=\"fas fa-star\"><\/i>\r\n\t\t\t\t\t\t\t\t\t\t\t<\/div>\r\n\t\t\t\t\t\t\t\t\t\t\t<div class=\"swak-img\">\r\n\t\t\t\t\t\t\t\t\t\t\t\t<img decoding=\"async\" src=\"https:\/\/enlightensmiles.ro\/wp-content\/uploads\/2024\/03\/20210608_ENLIGHTEN_SHOT_02_0091_F4-scaled.jpg\" alt=\"\">\r\n\t\t\t\t\t\t\t\t\t\t\t<\/div>\r\n\t\t\t\t\t\t\t\t\t\t\t<h6>Anna C.  <\/h6>\r\n\t\t\t\t\t\t\t\t\t\t<\/div>\r\n\t\t\t\t\t\t\t\t\t<\/div>\r\n\t\t\t\t\t\t\t\t\t<div class=\"col-lg-8\">\r\n\t\t\t\t\t\t\t\t\t\t<div class=\"info\">\r\n\t\t\t\t\t\t\t\t\t\t\t<div class=\"testimonials-logo\">\r\n\t\t\t\t\t\t\t\t\t\t\t\t<img decoding=\"async\" src=\"\" alt=\"\">\r\n\t\t\t\t\t\t\t\t\t\t\t<\/div>\r\n\t\t\t\t\t\t\t\t\t\t\t<div class=\"swak-text\">\u00centotdeauna mi-am ur\u00e2t din\u021bii dup\u0103 ce am avut un accident de biciclet\u0103 \u0219i dup\u0103 ani de zile de consum de ceai \u0219i alimente picante, petele erau sc\u0103pate de sub control. De asemenea, faptul c\u0103 gingiile mele au \u00eenceput s\u0103 se retrag\u0103 odat\u0103 cu v\u00e2rsta m-a f\u0103cut s\u0103 m\u0103 simt st\u00e2njenit\u0103. Dar acum, nu m\u0103 pot ab\u021bine s\u0103 nu z\u00e2mbesc \u0219i s\u0103-mi ar\u0103t din\u021bii. Arat\u0103 uimitor \u0219i sunt complet naturali.\"<\/div>\r\n\t\t\t\t\t\t\t\t\t\t\t<img decoding=\"async\" src=\"https:\/\/enlightensmiles.ro\/wp-content\/uploads\/2024\/04\/left-3.png\" alt=\"\" class=\"float-icon\">\r\n\t\t\t\t\t\t\t\t\t\t<\/div>\r\n\t\t\t\t\t\t\t\t\t<\/div>\r\n\t\t\t\t\t\t\t\t<\/div>\r\n\t\t\t\t\t\t\t<\/div>\r\n\t\t\t\t\t\t<\/div>\t\r\n\t\t\t\t\t\t                        <div class=\"swiper-slide\">\r\n\t\t\t\t\t\t\t<div class=\"swak-testis-card\">\r\n\t\t\t\t\t\t\t\t<div class=\"row gx-0\">\r\n\t\t\t\t\t\t\t\t\t<div class=\"col-lg-4\">\r\n\t\t\t\t\t\t\t\t\t\t<div class=\"img-side\">\r\n\t\t\t\t\t\t\t\t\t\t\t<div class=\"stars\">  \r\n\t\t\t\t\t\t\t\t\t\t\t\t<i class=\"fas fa-star\"><\/i>\r\n\t\t\t\t\t\t\t\t\t\t\t\t<i class=\"fas fa-star\"><\/i>\r\n\t\t\t\t\t\t\t\t\t\t\t\t<i class=\"fas fa-star\"><\/i>\r\n\t\t\t\t\t\t\t\t\t\t\t\t<i class=\"fas fa-star\"><\/i>\r\n\t\t\t\t\t\t\t\t\t\t\t\t<i class=\"fas fa-star\"><\/i>\r\n\t\t\t\t\t\t\t\t\t\t\t<\/div>\r\n\t\t\t\t\t\t\t\t\t\t\t<div class=\"swak-img\">\r\n\t\t\t\t\t\t\t\t\t\t\t\t<img decoding=\"async\" src=\"https:\/\/enlightensmiles.ro\/wp-content\/uploads\/2024\/03\/20210608_ENLIGHTEN_SHOT_08_0046-b-scaled.jpg\" alt=\"\">\r\n\t\t\t\t\t\t\t\t\t\t\t<\/div>\r\n\t\t\t\t\t\t\t\t\t\t\t<h6>Nick M. <\/h6>\r\n\t\t\t\t\t\t\t\t\t\t<\/div>\r\n\t\t\t\t\t\t\t\t\t<\/div>\r\n\t\t\t\t\t\t\t\t\t<div class=\"col-lg-8\">\r\n\t\t\t\t\t\t\t\t\t\t<div class=\"info\">\r\n\t\t\t\t\t\t\t\t\t\t\t<div class=\"testimonials-logo\">\r\n\t\t\t\t\t\t\t\t\t\t\t\t<img decoding=\"async\" src=\"\" alt=\"\">\r\n\t\t\t\t\t\t\t\t\t\t\t<\/div>\r\n\t\t\t\t\t\t\t\t\t\t\t<div class=\"swak-text\">\"Am folosit mai multe produse de albire a din\u021bilor, dar nu am fost niciodat\u0103 pe deplin mul\u021bumit de rezultate. Dup\u0103 ce mi s-a recomandat Enlighten, am \u00eencercat. Sunt extrem de mul\u021bumit de rezultate \u0219i pentru prima dat\u0103 simt c\u0103 din\u021bii mei arat\u0103 a\u0219a cum mi-am dorit \u00eentotdeauna. \u00cel recomand \u00eentotdeauna 100%!\"<\/div>\r\n\t\t\t\t\t\t\t\t\t\t\t<img decoding=\"async\" src=\"https:\/\/enlightensmiles.ro\/wp-content\/uploads\/2024\/04\/left-3.png\" alt=\"\" class=\"float-icon\">\r\n\t\t\t\t\t\t\t\t\t\t<\/div>\r\n\t\t\t\t\t\t\t\t\t<\/div>\r\n\t\t\t\t\t\t\t\t<\/div>\r\n\t\t\t\t\t\t\t<\/div>\r\n\t\t\t\t\t\t<\/div>\t\r\n\t\t\t\t\t\t                        <div class=\"swiper-slide\">\r\n\t\t\t\t\t\t\t<div class=\"swak-testis-card\">\r\n\t\t\t\t\t\t\t\t<div class=\"row gx-0\">\r\n\t\t\t\t\t\t\t\t\t<div class=\"col-lg-4\">\r\n\t\t\t\t\t\t\t\t\t\t<div class=\"img-side\">\r\n\t\t\t\t\t\t\t\t\t\t\t<div class=\"stars\">  \r\n\t\t\t\t\t\t\t\t\t\t\t\t<i class=\"fas fa-star\"><\/i>\r\n\t\t\t\t\t\t\t\t\t\t\t\t<i class=\"fas fa-star\"><\/i>\r\n\t\t\t\t\t\t\t\t\t\t\t\t<i class=\"fas fa-star\"><\/i>\r\n\t\t\t\t\t\t\t\t\t\t\t\t<i class=\"fas fa-star\"><\/i>\r\n\t\t\t\t\t\t\t\t\t\t\t\t<i class=\"fas fa-star\"><\/i>\r\n\t\t\t\t\t\t\t\t\t\t\t<\/div>\r\n\t\t\t\t\t\t\t\t\t\t\t<div class=\"swak-img\">\r\n\t\t\t\t\t\t\t\t\t\t\t\t<img decoding=\"async\" src=\"https:\/\/enlightensmiles.ro\/wp-content\/uploads\/2024\/03\/20210608_ENLIGHTEN_SHOT_06_0055-C_No-Seal.png\" alt=\"\">\r\n\t\t\t\t\t\t\t\t\t\t\t<\/div>\r\n\t\t\t\t\t\t\t\t\t\t\t<h6>Florence A. <\/h6>\r\n\t\t\t\t\t\t\t\t\t\t<\/div>\r\n\t\t\t\t\t\t\t\t\t<\/div>\r\n\t\t\t\t\t\t\t\t\t<div class=\"col-lg-8\">\r\n\t\t\t\t\t\t\t\t\t\t<div class=\"info\">\r\n\t\t\t\t\t\t\t\t\t\t\t<div class=\"testimonials-logo\">\r\n\t\t\t\t\t\t\t\t\t\t\t\t<img decoding=\"async\" src=\"\" alt=\"\">\r\n\t\t\t\t\t\t\t\t\t\t\t<\/div>\r\n\t\t\t\t\t\t\t\t\t\t\t<div class=\"swak-text\">\"Cu to\u021bii avem cel pu\u021bin un lucru la noi \u00een\u0219ine pe care \u00eel iubim cu adev\u0103rat, iar pentru mine a fost z\u00e2mbetul meu, a\u0219a c\u0103 am vrut s\u0103 \u00eel pun \u00een valoare. Dup\u0103 procesul de albire, m-am sim\u021bit radiant\u0103 \u0219i plin\u0103 de lumin\u0103, z\u00e2mbeam non-stop lol ...dar cel mai bun lucru pentru mine a fost s\u0103 fiu con\u0219tient\u0103 de faptul c\u0103 \"ar\u0103t bine\".\"<\/div>\r\n\t\t\t\t\t\t\t\t\t\t\t<img decoding=\"async\" src=\"https:\/\/enlightensmiles.ro\/wp-content\/uploads\/2024\/04\/left-3.png\" alt=\"\" class=\"float-icon\">\r\n\t\t\t\t\t\t\t\t\t\t<\/div>\r\n\t\t\t\t\t\t\t\t\t<\/div>\r\n\t\t\t\t\t\t\t\t<\/div>\r\n\t\t\t\t\t\t\t<\/div>\r\n\t\t\t\t\t\t<\/div>\t\r\n\t\t\t\t\t\t                        <div class=\"swiper-slide\">\r\n\t\t\t\t\t\t\t<div class=\"swak-testis-card\">\r\n\t\t\t\t\t\t\t\t<div class=\"row gx-0\">\r\n\t\t\t\t\t\t\t\t\t<div class=\"col-lg-4\">\r\n\t\t\t\t\t\t\t\t\t\t<div class=\"img-side\">\r\n\t\t\t\t\t\t\t\t\t\t\t<div class=\"stars\">  \r\n\t\t\t\t\t\t\t\t\t\t\t\t<i class=\"fas fa-star\"><\/i>\r\n\t\t\t\t\t\t\t\t\t\t\t\t<i class=\"fas fa-star\"><\/i>\r\n\t\t\t\t\t\t\t\t\t\t\t\t<i class=\"fas fa-star\"><\/i>\r\n\t\t\t\t\t\t\t\t\t\t\t\t<i class=\"fas fa-star\"><\/i>\r\n\t\t\t\t\t\t\t\t\t\t\t\t<i class=\"fas fa-star\"><\/i>\r\n\t\t\t\t\t\t\t\t\t\t\t<\/div>\r\n\t\t\t\t\t\t\t\t\t\t\t<div class=\"swak-img\">\r\n\t\t\t\t\t\t\t\t\t\t\t\t<img decoding=\"async\" src=\"https:\/\/enlightensmiles.ro\/wp-content\/uploads\/2024\/03\/Evo4-images-044-scaled.jpg\" alt=\"\">\r\n\t\t\t\t\t\t\t\t\t\t\t<\/div>\r\n\t\t\t\t\t\t\t\t\t\t\t<h6>Lauren W. <\/h6>\r\n\t\t\t\t\t\t\t\t\t\t<\/div>\r\n\t\t\t\t\t\t\t\t\t<\/div>\r\n\t\t\t\t\t\t\t\t\t<div class=\"col-lg-8\">\r\n\t\t\t\t\t\t\t\t\t\t<div class=\"info\">\r\n\t\t\t\t\t\t\t\t\t\t\t<div class=\"testimonials-logo\">\r\n\t\t\t\t\t\t\t\t\t\t\t\t<img decoding=\"async\" src=\"\" alt=\"\">\r\n\t\t\t\t\t\t\t\t\t\t\t<\/div>\r\n\t\t\t\t\t\t\t\t\t\t\t<div class=\"swak-text\">Ob\u021binerea albirei Enlighten mi-a redat \u00eencrederea \u00een mine. Am fost sceptic la \u00eenceput, dar m\u0103 simt absolut incredibil. Nu obi\u0219nuiam s\u0103 z\u00e2mbesc cu din\u021bii \u00een fotografii sau chiar \u00een via\u021ba de zi cu zi. Voiam s\u0103-mi ascund din\u021bii galbeni, dar acum tot ce fac este s\u0103 z\u00e2mbesc \u0219i m\u0103 simt extraordinar. V\u0103 mul\u021bumesc c\u0103 mi-a\u021bi redat \u00eencrederea \u00een mine!\"<\/div>\r\n\t\t\t\t\t\t\t\t\t\t\t<img decoding=\"async\" src=\"https:\/\/enlightensmiles.ro\/wp-content\/uploads\/2024\/04\/left-3.png\" alt=\"\" class=\"float-icon\">\r\n\t\t\t\t\t\t\t\t\t\t<\/div>\r\n\t\t\t\t\t\t\t\t\t<\/div>\r\n\t\t\t\t\t\t\t\t<\/div>\r\n\t\t\t\t\t\t\t<\/div>\r\n\t\t\t\t\t\t<\/div>\t\r\n\t\t\t\t\t\t\t\t\t<\/div>\r\n\t\t\t\t\r\n\t\t<\/div>\r\n\t\t\t\t\t<div class=\"swak-arrows\">\r\n\t\t\t\t<a class=\"swiper-prev\"> <i class=\"fas fa-long-arrow-left\"><\/i><\/a>\r\n\t\t\t\t<a class=\"swiper-next\"><i class=\"fas fa-long-arrow-right\"><\/i><\/a>\r\n\t\t\t<\/div>\r\n\t\t\t    \t\t<\/div>\n\t\t\t\t<\/div>\n\t\t\t\t\t<\/div>\n\t\t<\/div>\n\t\t\t\t\t<\/div>\n\t\t<\/section>\n\t\t\t\t<\/div>\n\t\t","protected":false},"excerpt":{"rendered":"<p>Treatment 01 STEP 01 \u2013 Choosing Enlighten Use our national dentist search system to find a qualified and accredited specialist in your area. At your first appointment, they will take an impression of your teeth, allowing us to provide you with a custom aligner, designed and digitally manufactured for laser precision, excellent comfort and consistent results. 02 STEP 02 \u2013 \u2026<\/p>","protected":false},"author":1,"featured_media":0,"parent":0,"menu_order":0,"comment_status":"closed","ping_status":"closed","template":"blank-builder.php","meta":{"footnotes":""},"class_list":["post-1363","page","type-page","status-publish","hentry"],"_links":{"self":[{"href":"https:\/\/enlightensmiles.ro\/en\/wp-json\/wp\/v2\/pages\/1363","targetHints":{"allow":["GET"]}}],"collection":[{"href":"https:\/\/enlightensmiles.ro\/en\/wp-json\/wp\/v2\/pages"}],"about":[{"href":"https:\/\/enlightensmiles.ro\/en\/wp-json\/wp\/v2\/types\/page"}],"author":[{"embeddable":true,"href":"https:\/\/enlightensmiles.ro\/en\/wp-json\/wp\/v2\/users\/1"}],"replies":[{"embeddable":true,"href":"https:\/\/enlightensmiles.ro\/en\/wp-json\/wp\/v2\/comments?post=1363"}],"version-history":[{"count":36,"href":"https:\/\/enlightensmiles.ro\/en\/wp-json\/wp\/v2\/pages\/1363\/revisions"}],"predecessor-version":[{"id":3372,"href":"https:\/\/enlightensmiles.ro\/en\/wp-json\/wp\/v2\/pages\/1363\/revisions\/3372"}],"wp:attachment":[{"href":"https:\/\/enlightensmiles.ro\/en\/wp-json\/wp\/v2\/media?parent=1363"}],"curies":[{"name":"wp","href":"https:\/\/api.w.org\/{rel}","templated":true}]}}